{"id":9531,"date":"2021-06-15T14:11:46","date_gmt":"2021-06-15T12:11:46","guid":{"rendered":"https:\/\/widemexinternational.com\/o-nas\/"},"modified":"2021-06-15T20:37:53","modified_gmt":"2021-06-15T18:37:53","slug":"o-nas","status":"publish","type":"page","link":"https:\/\/widemexinternational.com\/cs\/o-nas\/","title":{"rendered":"O n\u00e1s"},"content":{"rendered":"<p><div class=\"fusion-fullwidth fullwidth-box fusion-builder-row-1 fusion-flex-container nonhundred-percent-fullwidth non-hundred-percent-height-scrolling\" style=\"--awb-background-position:left top;--awb-border-sizes-top:0px;--awb-border-sizes-bottom:0px;--awb-border-sizes-left:0px;--awb-border-sizes-right:0px;--awb-border-radius-top-left:0px;--awb-border-radius-top-right:0px;--awb-border-radius-bottom-right:0px;--awb-border-radius-bottom-left:0px;--awb-padding-top:0px;--awb-padding-bottom:0px;--awb-padding-bottom-medium:60px;--awb-padding-bottom-small:60px;--awb-flex-wrap:wrap;\" ><div class=\"fusion-builder-row fusion-row fusion-flex-align-items-flex-start fusion-flex-content-wrap\" style=\"max-width:1216.8px;margin-left: calc(-4% \/ 2 );margin-right: calc(-4% \/ 2 );\"><div class=\"fusion-layout-column fusion_builder_column fusion-builder-column-0 fusion_builder_column_1_6 1_6 fusion-flex-column\" style=\"--awb-bg-size:cover;--awb-width-large:16.666666666667%;--awb-margin-top-large:0px;--awb-spacing-right-large:11.52%;--awb-margin-bottom-large:20px;--awb-spacing-left-large:11.52%;--awb-width-medium:100%;--awb-order-medium:0;--awb-spacing-right-medium:1.92%;--awb-spacing-left-medium:1.92%;--awb-width-small:100%;--awb-order-small:0;--awb-spacing-right-small:1.92%;--awb-spacing-left-small:1.92%;\"><div class=\"fusion-column-wrapper fusion-column-has-shadow fusion-flex-justify-content-flex-start fusion-content-layout-column\"><\/div><\/div><div class=\"fusion-layout-column fusion_builder_column fusion-builder-column-1 fusion_builder_column_2_3 2_3 fusion-flex-column\" style=\"--awb-bg-size:cover;--awb-width-large:66.666666666667%;--awb-margin-top-large:0px;--awb-spacing-right-large:2.88%;--awb-margin-bottom-large:20px;--awb-spacing-left-large:2.88%;--awb-width-medium:100%;--awb-spacing-right-medium:1.92%;--awb-spacing-left-medium:1.92%;--awb-width-small:100%;--awb-spacing-right-small:1.92%;--awb-spacing-left-small:1.92%;\"><div class=\"fusion-column-wrapper fusion-flex-justify-content-flex-start fusion-content-layout-column\"><div class=\"fusion-title title fusion-title-1 fusion-title-center fusion-title-text fusion-title-size-four\" style=\"--awb-font-size:33px;\"><div class=\"title-sep-container title-sep-container-left\"><div class=\"title-sep sep- sep-solid\" style=\"border-color:#e0dede;\"><\/div><\/div><span class=\"awb-title-spacer\"><\/span><h4 class=\"fusion-title-heading title-heading-center fusion-responsive-typography-calculated\" style=\"margin:0;font-size:1em;--fontSize:33;line-height:1.52;\">O n\u00e1s<\/h4><span class=\"awb-title-spacer\"><\/span><div class=\"title-sep-container title-sep-container-right\"><div class=\"title-sep sep- sep-solid\" style=\"border-color:#e0dede;\"><\/div><\/div><\/div><\/div><\/div><div class=\"fusion-layout-column fusion_builder_column fusion-builder-column-2 fusion_builder_column_1_6 1_6 fusion-flex-column\" style=\"--awb-bg-size:cover;--awb-width-large:16.666666666667%;--awb-margin-top-large:0px;--awb-spacing-right-large:11.52%;--awb-margin-bottom-large:20px;--awb-spacing-left-large:11.52%;--awb-width-medium:100%;--awb-order-medium:0;--awb-spacing-right-medium:1.92%;--awb-spacing-left-medium:1.92%;--awb-width-small:100%;--awb-order-small:0;--awb-spacing-right-small:1.92%;--awb-spacing-left-small:1.92%;\"><div class=\"fusion-column-wrapper fusion-column-has-shadow fusion-flex-justify-content-flex-start fusion-content-layout-column\"><\/div><\/div><div class=\"fusion-layout-column fusion_builder_column fusion-builder-column-3 fusion_builder_column_1_5 1_5 fusion-flex-column\" style=\"--awb-bg-size:cover;--awb-width-large:20%;--awb-margin-top-large:0px;--awb-spacing-right-large:9.6%;--awb-margin-bottom-large:20px;--awb-spacing-left-large:9.6%;--awb-width-medium:100%;--awb-order-medium:0;--awb-spacing-right-medium:1.92%;--awb-spacing-left-medium:1.92%;--awb-width-small:100%;--awb-order-small:0;--awb-spacing-right-small:1.92%;--awb-spacing-left-small:1.92%;\"><div class=\"fusion-column-wrapper fusion-column-has-shadow fusion-flex-justify-content-flex-start fusion-content-layout-column\"><div class=\"fusion-widget-area awb-widget-area-element fusion-widget-area-1 fusion-content-widget-area\" style=\"--awb-title-size:30px;--awb-title-color:#333333;--awb-padding:0px 0px 0px 0px;\"><section id=\"nav_menu-3\" class=\"fusion-slidingbar-widget-column widget widget_nav_menu\" style=\"border-width: 1px;border-style: solid;border-color:transparent;\"><h4 class=\"widget-title\">Spole\u010dnost  <\/h4><div class=\"menu-bedrijf-menu-tsjechisch-container\"><ul id=\"menu-bedrijf-menu-tsjechisch\" class=\"menu\"><li id=\"menu-item-9635\" class=\"menu-item menu-item-type-post_type menu-item-object-page menu-item-9635\"><a href=\"https:\/\/widemexinternational.com\/cs\/o-nas\/\">O n\u00e1s<\/a><\/li>\n<li id=\"menu-item-9636\" class=\"menu-item menu-item-type-post_type menu-item-object-page menu-item-9636\"><a href=\"https:\/\/widemexinternational.com\/cs\/nas-tym\/\">N\u00e1\u0161 t\u00fdm<\/a><\/li>\n<li id=\"menu-item-9637\" class=\"menu-item menu-item-type-post_type menu-item-object-page menu-item-9637\"><a href=\"https:\/\/widemexinternational.com\/cs\/certifikaty\/\">Certifik\u00e1ty<\/a><\/li>\n<li id=\"menu-item-9639\" class=\"menu-item menu-item-type-post_type menu-item-object-page menu-item-9639\"><a href=\"https:\/\/widemexinternational.com\/cs\/zivotni-prostredi\/\">\u017divotn\u00ed prost\u0159ed\u00ed<\/a><\/li>\n<li id=\"menu-item-9640\" class=\"menu-item menu-item-type-post_type menu-item-object-page menu-item-9640\"><a href=\"https:\/\/widemexinternational.com\/cs\/kariera\/\">Kari\u00e9ra<\/a><\/li>\n<\/ul><\/div><div style=\"clear:both;\"><\/div><\/section><div class=\"fusion-additional-widget-content\"><\/div><\/div><\/div><\/div><div class=\"fusion-layout-column fusion_builder_column fusion-builder-column-4 fusion_builder_column_4_5 4_5 fusion-flex-column\" style=\"--awb-bg-size:cover;--awb-width-large:80%;--awb-margin-top-large:0px;--awb-spacing-right-large:2.4%;--awb-margin-bottom-large:20px;--awb-spacing-left-large:2.4%;--awb-width-medium:100%;--awb-spacing-right-medium:1.92%;--awb-spacing-left-medium:1.92%;--awb-width-small:100%;--awb-spacing-right-small:1.92%;--awb-spacing-left-small:1.92%;\"><div class=\"fusion-column-wrapper fusion-flex-justify-content-flex-start fusion-content-layout-column\"><div class=\"fusion-text fusion-text-1\" style=\"--awb-content-alignment:center;\"><p style=\"text-align: left;\"><img decoding=\"async\" class=\"size-full wp-image-4907 alignleft\" src=\"https:\/\/widemexinternational.com\/wp-content\/uploads\/2020\/10\/widemex-5_EAN7660.jpg\" alt=\"\" width=\"500\" height=\"500\" srcset=\"https:\/\/widemexinternational.com\/wp-content\/uploads\/2020\/10\/widemex-5_EAN7660-66x66.jpg 66w, https:\/\/widemexinternational.com\/wp-content\/uploads\/2020\/10\/widemex-5_EAN7660-100x100.jpg 100w, https:\/\/widemexinternational.com\/wp-content\/uploads\/2020\/10\/widemex-5_EAN7660-150x150.jpg 150w, https:\/\/widemexinternational.com\/wp-content\/uploads\/2020\/10\/widemex-5_EAN7660-200x200.jpg 200w, https:\/\/widemexinternational.com\/wp-content\/uploads\/2020\/10\/widemex-5_EAN7660-300x300.jpg 300w, https:\/\/widemexinternational.com\/wp-content\/uploads\/2020\/10\/widemex-5_EAN7660-400x400.jpg 400w, https:\/\/widemexinternational.com\/wp-content\/uploads\/2020\/10\/widemex-5_EAN7660.jpg 500w\" sizes=\"(max-width: 500px) 100vw, 500px\" \/><\/p>\n<p style=\"text-align: left;\">Widemex International je evropsk\u00fd v\u00fdrobce a distributor potah\u016f na \u017eehlic\u00ed prkna a \u017eehlic\u00edch prken pro trh priv\u00e1tn\u00edch zna\u010dek. Zam\u011b\u0159ujeme se na kvalitu a inovaci za \u00fa\u010delem v\u00fdvoje v\u00fdrobk\u016f prvot\u0159\u00eddn\u00ed kvality.<\/p>\n<p style=\"text-align: left;\">V na\u0161em sortimentu m\u00e1me r\u016fzn\u00e9 inovativn\u00ed a patentovan\u00e9 v\u00fdrobky, kter\u00e9 vyv\u00edj\u00edme podle nejvy\u0161\u0161\u00edch kvalitativn\u00edch standard\u016f.<\/p>\n<p style=\"text-align: left;\">V\u00fdrobky dod\u00e1v\u00e1me p\u0159\u00edmo do p\u0159ibli\u017en\u011b 35 zem\u00ed, odkud putuj\u00ed do cel\u00e9ho sv\u011bta.<\/p>\n<p style=\"text-align: left;\"><strong>Historie<\/strong><\/p>\n<p style=\"text-align: left;\">Widemex zalo\u017eil v roce 1954 pan Wientjes v Amsterdamu. N\u00e1zev spole\u010dnosti je akronymem slo\u017een\u00fdm ze slov Wientjes, Demonstrace a Export. Pan Wientjes spole\u010dnost Widemex v roce 1970 prodal rodin\u011b Nijhuisov\u00fdch. Tito nov\u00ed majitel\u00e9 p\u0159est\u011bhovali spole\u010dnost do m\u011bste\u010dka Geldrop u nizozemsk\u00e9ho Eindhovenu. V roce 2000 p\u0159evzali spole\u010dnost Widemex Martijn a Katia van der Maasovi, kte\u0159\u00ed se zam\u011b\u0159ili na inovaci a kvalitu. Tito majitel\u00e9 nechali patentovat n\u011bkter\u00e9 inovativn\u00ed v\u00fdrobky, nap\u0159\u00edklad potahy Turbo &#038; Parking, Active a Airpro. Krom\u011b toho roz\u0161\u00ed\u0159ili sortiment \u017eehlic\u00edch prken.<\/p>\n<p style=\"text-align: left;\">V roce 2005 se spole\u010dnost p\u0159est\u011bhovala do nedalek\u00e9ho Helmondu. V roce 2012 a 2017 otev\u0159ela spole\u010dnost Widemex pobo\u010dky v Polsku, kter\u00e9 slou\u017e\u00ed k v\u00fdrob\u011b potah\u016f na \u017eehlic\u00ed prkna a uskladn\u011bn\u00ed pro v\u00fdchodn\u00ed Evropu. Pro usnadn\u011bn\u00ed tohoto r\u016fstu byly od roku 2015 provedeny rozs\u00e1hl\u00e9 investice do stroj\u016f.<\/p>\n<p style=\"text-align: left;\">Widemex se v pr\u016fb\u011bhu let st\u00e1le v\u00edce profiloval jako spole\u010dnost ud\u00e1vaj\u00edc\u00ed trend v oblasti \u017eehlen\u00ed. Dnes jsme dodavatelem v\u00fdrobk\u016f priv\u00e1tn\u00edch zna\u010dek pro \u0159adu evropsk\u00fdch pr\u00e9miov\u00fdch zna\u010dek.<\/p>\n<\/div><\/div><\/div><\/div><\/div><div class=\"fusion-fullwidth fullwidth-box fusion-builder-row-2 fusion-flex-container hundred-percent-fullwidth non-hundred-percent-height-scrolling\" style=\"--awb-background-position:left top;--awb-border-sizes-top:0px;--awb-border-sizes-bottom:0px;--awb-border-sizes-left:0px;--awb-border-sizes-right:0px;--awb-border-radius-top-left:0px;--awb-border-radius-top-right:0px;--awb-border-radius-bottom-right:0px;--awb-border-radius-bottom-left:0px;--awb-padding-top:0px;--awb-padding-right:0px;--awb-padding-bottom:0px;--awb-padding-left:0px;--awb-flex-wrap:wrap;\" ><div class=\"fusion-builder-row fusion-row fusion-flex-align-items-stretch fusion-flex-content-wrap\" style=\"width:calc( 100% + 0px ) !important;max-width:calc( 100% + 0px ) !important;margin-left: calc(-0px \/ 2 );margin-right: calc(-0px \/ 2 );\"><div class=\"fusion-layout-column fusion_builder_column fusion-builder-column-5 fusion_builder_column_1_2 1_2 fusion-flex-column fusion-column-inner-bg-wrapper\" style=\"--awb-inner-bg-image:url(&#039;https:\/\/widemexinternational.com\/wp-content\/uploads\/2020\/10\/Widemex-700px_EAN7705.jpg&#039;);--awb-inner-bg-position:center center;--awb-inner-bg-size:cover;--awb-width-large:50%;--awb-margin-top-large:0px;--awb-spacing-right-large:0px;--awb-margin-bottom-large:0px;--awb-spacing-left-large:0px;--awb-width-medium:100%;--awb-order-medium:0;--awb-spacing-right-medium:0px;--awb-spacing-left-medium:0px;--awb-width-small:100%;--awb-order-small:0;--awb-spacing-right-small:0px;--awb-spacing-left-small:0px;\"><span class=\"fusion-column-inner-bg hover-type-zoomin\"><a class=\"fusion-column-anchor\" href=\"https:\/\/widemexinternational.com\/cs\/kontakt\/\"><span class=\"fusion-column-inner-bg-image\"><\/span><\/a><\/span><div class=\"fusion-column-wrapper fusion-column-has-shadow fusion-flex-justify-content-flex-start fusion-content-layout-column fusion-empty-column-bg-image fusion-column-has-bg-image\" data-bg-url=\"https:\/\/widemexinternational.com\/wp-content\/uploads\/2020\/10\/Widemex-700px_EAN7705.jpg\"><img decoding=\"async\" class=\"fusion-empty-dims-img-placeholder fusion-no-large-visibility\" aria-label=\"Widemex-700px_EAN7705\" src=\"data:image\/svg+xml,%3Csvg%20xmlns%3D%27http%3A%2F%2Fwww.w3.org%2F2000%2Fsvg%27%20width%3D%27700%27%20height%3D%27467%27%20viewBox%3D%270%200%20700%20467%27%3E%3Crect%20width%3D%27700%27%20height%3D%27467%27%20fill-opacity%3D%220%22%2F%3E%3C%2Fsvg%3E\"><\/div><\/div><div class=\"fusion-layout-column fusion_builder_column fusion-builder-column-6 fusion_builder_column_1_2 1_2 fusion-flex-column\" style=\"--awb-padding-top:13%;--awb-padding-right:13%;--awb-padding-bottom:13%;--awb-padding-left:13%;--awb-padding-top-medium:80px;--awb-padding-right-medium:60px;--awb-padding-bottom-medium:80px;--awb-padding-left-medium:60px;--awb-padding-right-small:40px;--awb-padding-bottom-small:60px;--awb-padding-left-small:40px;--awb-bg-color:#f0f0f0;--awb-bg-color-hover:#f0f0f0;--awb-bg-size:cover;--awb-width-large:50%;--awb-margin-top-large:0px;--awb-spacing-right-large:0px;--awb-margin-bottom-large:0px;--awb-spacing-left-large:0px;--awb-width-medium:100%;--awb-spacing-right-medium:0px;--awb-spacing-left-medium:0px;--awb-width-small:100%;--awb-spacing-right-small:0px;--awb-spacing-left-small:0px;\"><div class=\"fusion-column-wrapper fusion-flex-justify-content-center fusion-content-layout-column\"><div class=\"fusion-separator fusion-full-width-sep\" style=\"align-self: center;margin-left: auto;margin-right: auto;margin-top:35px;margin-bottom:35px;width:100%;\"><\/div><div class=\"fusion-title title fusion-title-2 fusion-title-center fusion-title-text fusion-title-size-two\"><div class=\"title-sep-container title-sep-container-left\"><div class=\"title-sep sep- sep-solid\" style=\"border-color:#e0dede;\"><\/div><\/div><span class=\"awb-title-spacer\"><\/span><h2 class=\"fusion-title-heading title-heading-center fusion-responsive-typography-calculated\" style=\"margin:0;--fontSize:26;line-height:1.69;\">ZAUJALI JSME V\u00c1S?<\/h2><span class=\"awb-title-spacer\"><\/span><div class=\"title-sep-container title-sep-container-right\"><div class=\"title-sep sep- sep-solid\" style=\"border-color:#e0dede;\"><\/div><\/div><\/div><div class=\"fusion-separator\" style=\"align-self: center;margin-left: auto;margin-right: auto;margin-top:5px;margin-bottom:30px;width:100%;max-width:30px;\"><div class=\"fusion-separator-border sep-single sep-solid\" style=\"--awb-height:20px;--awb-amount:20px;--awb-sep-color:#999999;border-color:#999999;border-top-width:1px;\"><\/div><\/div><div class=\"fusion-text fusion-text-2\" style=\"--awb-content-alignment:center;\"><p>Zavolejte n\u00e1m nebo po\u0161lete e-mail a my v\u00e1m r\u00e1di poslou\u017e\u00edme!<\/p>\n<\/div><div class=\"fusion-separator fusion-full-width-sep\" style=\"align-self: center;margin-left: auto;margin-right: auto;margin-top:35px;margin-bottom:35px;width:100%;\"><\/div><\/div><\/div><\/div><\/div><div class=\"fusion-fullwidth fullwidth-box fusion-builder-row-3 fusion-flex-container hundred-percent-fullwidth non-hundred-percent-height-scrolling\" style=\"--link_hover_color: #ffffff;--link_color: #78bca1;--awb-background-position:left top;--awb-border-sizes-top:0px;--awb-border-sizes-bottom:0px;--awb-border-sizes-left:0px;--awb-border-sizes-right:0px;--awb-border-radius-top-left:0px;--awb-border-radius-top-right:0px;--awb-border-radius-bottom-right:0px;--awb-border-radius-bottom-left:0px;--awb-padding-top:0px;--awb-padding-right:0px;--awb-padding-bottom:0px;--awb-padding-left:0px;--awb-margin-top:20px;--awb-margin-bottom:20px;--awb-flex-wrap:wrap;\" ><div class=\"fusion-builder-row fusion-row fusion-flex-align-items-stretch fusion-flex-content-wrap\" style=\"width:calc( 100% + 0px ) !important;max-width:calc( 100% + 0px ) !important;margin-left: calc(-0px \/ 2 );margin-right: calc(-0px \/ 2 );\"><div class=\"fusion-layout-column fusion_builder_column fusion-builder-column-7 fusion_builder_column_1_1 1_1 fusion-flex-column\" style=\"--awb-bg-size:cover;--awb-width-large:100%;--awb-margin-top-large:0px;--awb-spacing-right-large:0px;--awb-margin-bottom-large:20px;--awb-spacing-left-large:0px;--awb-width-medium:100%;--awb-order-medium:0;--awb-spacing-right-medium:0px;--awb-spacing-left-medium:0px;--awb-width-small:100%;--awb-order-small:0;--awb-spacing-right-small:0px;--awb-spacing-left-small:0px;\"><div class=\"fusion-column-wrapper fusion-column-has-shadow fusion-flex-justify-content-flex-start fusion-content-layout-column\"><div class=\"fusion-separator fusion-full-width-sep\" style=\"align-self: center;margin-left: auto;margin-right: auto;margin-top:35px;margin-bottom:35px;width:100%;\"><\/div><\/div><\/div><\/div><\/div><\/p>\n","protected":false},"excerpt":{"rendered":"","protected":false},"author":1,"featured_media":0,"parent":0,"menu_order":0,"comment_status":"open","ping_status":"open","template":"100-width.php","meta":{"footnotes":""},"class_list":["post-9531","page","type-page","status-publish","hentry"],"_links":{"self":[{"href":"https:\/\/widemexinternational.com\/cs\/wp-json\/wp\/v2\/pages\/9531","targetHints":{"allow":["GET"]}}],"collection":[{"href":"https:\/\/widemexinternational.com\/cs\/wp-json\/wp\/v2\/pages"}],"about":[{"href":"https:\/\/widemexinternational.com\/cs\/wp-json\/wp\/v2\/types\/page"}],"author":[{"embeddable":true,"href":"https:\/\/widemexinternational.com\/cs\/wp-json\/wp\/v2\/users\/1"}],"replies":[{"embeddable":true,"href":"https:\/\/widemexinternational.com\/cs\/wp-json\/wp\/v2\/comments?post=9531"}],"version-history":[{"count":4,"href":"https:\/\/widemexinternational.com\/cs\/wp-json\/wp\/v2\/pages\/9531\/revisions"}],"predecessor-version":[{"id":9688,"href":"https:\/\/widemexinternational.com\/cs\/wp-json\/wp\/v2\/pages\/9531\/revisions\/9688"}],"wp:attachment":[{"href":"https:\/\/widemexinternational.com\/cs\/wp-json\/wp\/v2\/media?parent=9531"}],"curies":[{"name":"wp","href":"https:\/\/api.w.org\/{rel}","templated":true}]}}