{"id":9545,"date":"2021-06-15T14:39:39","date_gmt":"2021-06-15T12:39:39","guid":{"rendered":"https:\/\/widemexinternational.com\/zivotni-prostredi\/"},"modified":"2021-06-15T20:37:49","modified_gmt":"2021-06-15T18:37:49","slug":"zivotni-prostredi","status":"publish","type":"page","link":"https:\/\/widemexinternational.com\/cs\/zivotni-prostredi\/","title":{"rendered":"\u017divotn\u00ed prost\u0159ed\u00ed"},"content":{"rendered":"<p><div class=\"fusion-fullwidth fullwidth-box fusion-builder-row-1 fusion-flex-container nonhundred-percent-fullwidth non-hundred-percent-height-scrolling\" style=\"--awb-background-position:left top;--awb-border-sizes-top:0px;--awb-border-sizes-bottom:0px;--awb-border-sizes-left:0px;--awb-border-sizes-right:0px;--awb-border-radius-top-left:0px;--awb-border-radius-top-right:0px;--awb-border-radius-bottom-right:0px;--awb-border-radius-bottom-left:0px;--awb-padding-top:0px;--awb-padding-bottom:0px;--awb-padding-bottom-medium:60px;--awb-padding-bottom-small:60px;--awb-flex-wrap:wrap;\" ><div class=\"fusion-builder-row fusion-row fusion-flex-align-items-flex-start fusion-flex-content-wrap\" style=\"max-width:1216.8px;margin-left: calc(-4% \/ 2 );margin-right: calc(-4% \/ 2 );\"><div class=\"fusion-layout-column fusion_builder_column fusion-builder-column-0 fusion_builder_column_1_6 1_6 fusion-flex-column\" style=\"--awb-bg-size:cover;--awb-width-large:16.666666666667%;--awb-margin-top-large:0px;--awb-spacing-right-large:11.52%;--awb-margin-bottom-large:20px;--awb-spacing-left-large:11.52%;--awb-width-medium:100%;--awb-order-medium:0;--awb-spacing-right-medium:1.92%;--awb-spacing-left-medium:1.92%;--awb-width-small:100%;--awb-order-small:0;--awb-spacing-right-small:1.92%;--awb-spacing-left-small:1.92%;\"><div class=\"fusion-column-wrapper fusion-column-has-shadow fusion-flex-justify-content-flex-start fusion-content-layout-column\"><\/div><\/div><div class=\"fusion-layout-column fusion_builder_column fusion-builder-column-1 fusion_builder_column_2_3 2_3 fusion-flex-column\" style=\"--awb-bg-size:cover;--awb-width-large:66.666666666667%;--awb-margin-top-large:0px;--awb-spacing-right-large:2.88%;--awb-margin-bottom-large:20px;--awb-spacing-left-large:2.88%;--awb-width-medium:100%;--awb-spacing-right-medium:1.92%;--awb-spacing-left-medium:1.92%;--awb-width-small:100%;--awb-spacing-right-small:1.92%;--awb-spacing-left-small:1.92%;\"><div class=\"fusion-column-wrapper fusion-flex-justify-content-flex-start fusion-content-layout-column\"><div class=\"fusion-title title fusion-title-1 fusion-title-center fusion-title-text fusion-title-size-four\" style=\"--awb-font-size:33px;\"><div class=\"title-sep-container title-sep-container-left\"><div class=\"title-sep sep- sep-solid\" style=\"border-color:#e0dede;\"><\/div><\/div><span class=\"awb-title-spacer\"><\/span><h4 class=\"fusion-title-heading title-heading-center fusion-responsive-typography-calculated\" style=\"margin:0;font-size:1em;--fontSize:33;line-height:1.52;\">\u017divotn\u00ed prost\u0159ed\u00ed<\/h4><span class=\"awb-title-spacer\"><\/span><div class=\"title-sep-container title-sep-container-right\"><div class=\"title-sep sep- sep-solid\" style=\"border-color:#e0dede;\"><\/div><\/div><\/div><\/div><\/div><div class=\"fusion-layout-column fusion_builder_column fusion-builder-column-2 fusion_builder_column_1_6 1_6 fusion-flex-column\" style=\"--awb-bg-size:cover;--awb-width-large:16.666666666667%;--awb-margin-top-large:0px;--awb-spacing-right-large:11.52%;--awb-margin-bottom-large:20px;--awb-spacing-left-large:11.52%;--awb-width-medium:100%;--awb-order-medium:0;--awb-spacing-right-medium:1.92%;--awb-spacing-left-medium:1.92%;--awb-width-small:100%;--awb-order-small:0;--awb-spacing-right-small:1.92%;--awb-spacing-left-small:1.92%;\"><div class=\"fusion-column-wrapper fusion-column-has-shadow fusion-flex-justify-content-flex-start fusion-content-layout-column\"><\/div><\/div><div class=\"fusion-layout-column fusion_builder_column fusion-builder-column-3 fusion_builder_column_1_5 1_5 fusion-flex-column\" style=\"--awb-bg-size:cover;--awb-width-large:20%;--awb-margin-top-large:0px;--awb-spacing-right-large:9.6%;--awb-margin-bottom-large:20px;--awb-spacing-left-large:9.6%;--awb-width-medium:100%;--awb-order-medium:0;--awb-spacing-right-medium:1.92%;--awb-spacing-left-medium:1.92%;--awb-width-small:100%;--awb-order-small:0;--awb-spacing-right-small:1.92%;--awb-spacing-left-small:1.92%;\"><div class=\"fusion-column-wrapper fusion-column-has-shadow fusion-flex-justify-content-flex-start fusion-content-layout-column\"><div class=\"fusion-widget-area awb-widget-area-element fusion-widget-area-1 fusion-content-widget-area\" style=\"--awb-title-size:30px;--awb-title-color:#333333;--awb-padding:0px 0px 0px 0px;\"><section id=\"nav_menu-3\" class=\"fusion-slidingbar-widget-column widget widget_nav_menu\" style=\"border-width: 1px;border-style: solid;border-color:transparent;\"><h4 class=\"widget-title\">Spole\u010dnost  <\/h4><div class=\"menu-bedrijf-menu-tsjechisch-container\"><ul id=\"menu-bedrijf-menu-tsjechisch\" class=\"menu\"><li id=\"menu-item-9635\" class=\"menu-item menu-item-type-post_type menu-item-object-page menu-item-9635\"><a href=\"https:\/\/widemexinternational.com\/cs\/o-nas\/\">O n\u00e1s<\/a><\/li>\n<li id=\"menu-item-9636\" class=\"menu-item menu-item-type-post_type menu-item-object-page menu-item-9636\"><a href=\"https:\/\/widemexinternational.com\/cs\/nas-tym\/\">N\u00e1\u0161 t\u00fdm<\/a><\/li>\n<li id=\"menu-item-9637\" class=\"menu-item menu-item-type-post_type menu-item-object-page menu-item-9637\"><a href=\"https:\/\/widemexinternational.com\/cs\/certifikaty\/\">Certifik\u00e1ty<\/a><\/li>\n<li id=\"menu-item-9639\" class=\"menu-item menu-item-type-post_type menu-item-object-page menu-item-9639\"><a href=\"https:\/\/widemexinternational.com\/cs\/zivotni-prostredi\/\">\u017divotn\u00ed prost\u0159ed\u00ed<\/a><\/li>\n<li id=\"menu-item-9640\" class=\"menu-item menu-item-type-post_type menu-item-object-page menu-item-9640\"><a href=\"https:\/\/widemexinternational.com\/cs\/kariera\/\">Kari\u00e9ra<\/a><\/li>\n<\/ul><\/div><div style=\"clear:both;\"><\/div><\/section><div class=\"fusion-additional-widget-content\"><\/div><\/div><\/div><\/div><div class=\"fusion-layout-column fusion_builder_column fusion-builder-column-4 fusion_builder_column_4_5 4_5 fusion-flex-column\" style=\"--awb-bg-size:cover;--awb-width-large:80%;--awb-margin-top-large:0px;--awb-spacing-right-large:2.4%;--awb-margin-bottom-large:20px;--awb-spacing-left-large:2.4%;--awb-width-medium:100%;--awb-spacing-right-medium:1.92%;--awb-spacing-left-medium:1.92%;--awb-width-small:100%;--awb-spacing-right-small:1.92%;--awb-spacing-left-small:1.92%;\"><div class=\"fusion-column-wrapper fusion-flex-justify-content-flex-start fusion-content-layout-column\"><div class=\"fusion-text fusion-text-1\" style=\"--awb-content-alignment:center;\"><p><img decoding=\"async\" class=\"alignleft wp-image-4962\" src=\"https:\/\/widemexinternational.com\/wp-content\/uploads\/2020\/11\/Eco_Friendly_200x209p.jpg\" alt=\"\" width=\"230\" height=\"240\" \/><\/p>\n<div style=\"text-align: left;\">\n<p>Spole\u010dnost Widemex International dod\u00e1v\u00e1 vysoce kvalitn\u00ed v\u00fdrobky pro \u017eehlen\u00ed, ale klade p\u0159itom tak\u00e9 d\u016fraz na \u017eivotn\u00ed prost\u0159ed\u00ed. Vzhledem k po\u017eadavk\u016fm na kvalitu v\u00fdrobk\u016f musej\u00ed dodavatel\u00e9 dokl\u00e1dat, \u017ee v\u00fdrobky, kter\u00e9 dod\u00e1vaj\u00ed, spl\u0148uj\u00ed evropsk\u00e9 bezpe\u010dnostn\u00ed a ekologick\u00e9 standardy. V r\u00e1mci mo\u017enost\u00ed pou\u017e\u00edv\u00e1me pro v\u00fdrobu na\u0161ich v\u00fdrobk\u016f pro \u017eehlen\u00ed recyklovan\u00e9 materi\u00e1ly. Pod\u00edl t\u011bchto materi\u00e1l\u016f m\u016f\u017ee \u010dinit a\u017e 50 % celkov\u00e9 hmotnosti.<\/p>\n<p>Na\u0161e obaly spl\u0148uj\u00ed ekologick\u00e9 standardy a jsou vyrobeny z recyklovan\u00fdch plast\u016f nebo z pap\u00edru s certifikac\u00ed FSC.<\/p>\n<p>\u017dehlic\u00ed prkna a potahy na \u017eehlic\u00ed prkna vyr\u00e1b\u00edme podle nizozemsk\u00fdch bezpe\u010dnostn\u00edch a ekologick\u00fdch standard\u016f, kter\u00e9 pat\u0159\u00ed k t\u011bm nejp\u0159\u00edsn\u011bj\u0161\u00edm v Evrop\u011b. Pou\u017e\u00edv\u00e1me pouze chemick\u00e9 l\u00e1tky na b\u00e1zi vody, kter\u00e9 jsou biologicky rozlo\u017eiteln\u00e9, a tud\u00ed\u017e ekologicky \u0161etrn\u00e9.<\/p>\n<\/div>\n<\/div><\/div><\/div><div class=\"fusion-layout-column fusion_builder_column fusion-builder-column-5 fusion_builder_column_1_5 1_5 fusion-flex-column\" style=\"--awb-bg-size:cover;--awb-width-large:20%;--awb-margin-top-large:0px;--awb-spacing-right-large:9.6%;--awb-margin-bottom-large:20px;--awb-spacing-left-large:9.6%;--awb-width-medium:100%;--awb-order-medium:0;--awb-spacing-right-medium:1.92%;--awb-spacing-left-medium:1.92%;--awb-width-small:100%;--awb-order-small:0;--awb-spacing-right-small:1.92%;--awb-spacing-left-small:1.92%;\"><div class=\"fusion-column-wrapper fusion-column-has-shadow fusion-flex-justify-content-flex-start fusion-content-layout-column\"><\/div><\/div><div class=\"fusion-layout-column fusion_builder_column fusion-builder-column-6 fusion_builder_column_4_5 4_5 fusion-flex-column\" style=\"--awb-bg-size:cover;--awb-width-large:80%;--awb-margin-top-large:0px;--awb-spacing-right-large:2.4%;--awb-margin-bottom-large:20px;--awb-spacing-left-large:2.4%;--awb-width-medium:100%;--awb-order-medium:0;--awb-spacing-right-medium:1.92%;--awb-spacing-left-medium:1.92%;--awb-width-small:100%;--awb-order-small:0;--awb-spacing-right-small:1.92%;--awb-spacing-left-small:1.92%;\"><div class=\"fusion-column-wrapper fusion-column-has-shadow fusion-flex-justify-content-flex-start fusion-content-layout-column\"><div class=\"fusion-image-element \" style=\"--awb-margin-bottom:50px;--awb-caption-title-font-family:var(--h2_typography-font-family);--awb-caption-title-font-weight:var(--h2_typography-font-weight);--awb-caption-title-font-style:var(--h2_typography-font-style);--awb-caption-title-size:var(--h2_typography-font-size);--awb-caption-title-transform:var(--h2_typography-text-transform);--awb-caption-title-line-height:var(--h2_typography-line-height);--awb-caption-title-letter-spacing:var(--h2_typography-letter-spacing);\"><span class=\" fusion-imageframe imageframe-none imageframe-1 hover-type-none\"><img decoding=\"async\" width=\"700\" height=\"100\" title=\"Icons_Milieu_700x100p\" src=\"https:\/\/widemexinternational.com\/wp-content\/uploads\/2020\/11\/Icons_Milieu_700x100p.jpg\" alt class=\"img-responsive wp-image-4967\" srcset=\"https:\/\/widemexinternational.com\/wp-content\/uploads\/2020\/11\/Icons_Milieu_700x100p-200x29.jpg 200w, https:\/\/widemexinternational.com\/wp-content\/uploads\/2020\/11\/Icons_Milieu_700x100p-400x57.jpg 400w, https:\/\/widemexinternational.com\/wp-content\/uploads\/2020\/11\/Icons_Milieu_700x100p-600x86.jpg 600w, https:\/\/widemexinternational.com\/wp-content\/uploads\/2020\/11\/Icons_Milieu_700x100p.jpg 700w\" sizes=\"(max-width: 1024px) 100vw, (max-width: 640px) 100vw, 700px\" \/><\/span><\/div><\/div><\/div><\/div><\/div><div class=\"fusion-fullwidth fullwidth-box fusion-builder-row-2 fusion-flex-container hundred-percent-fullwidth non-hundred-percent-height-scrolling\" style=\"--awb-background-position:left top;--awb-border-sizes-top:0px;--awb-border-sizes-bottom:0px;--awb-border-sizes-left:0px;--awb-border-sizes-right:0px;--awb-border-radius-top-left:0px;--awb-border-radius-top-right:0px;--awb-border-radius-bottom-right:0px;--awb-border-radius-bottom-left:0px;--awb-padding-top:0px;--awb-padding-right:0px;--awb-padding-bottom:0px;--awb-padding-left:0px;--awb-flex-wrap:wrap;\" ><div class=\"fusion-builder-row fusion-row fusion-flex-align-items-stretch fusion-flex-content-wrap\" style=\"width:calc( 100% + 0px ) !important;max-width:calc( 100% + 0px ) !important;margin-left: calc(-0px \/ 2 );margin-right: calc(-0px \/ 2 );\"><div class=\"fusion-layout-column fusion_builder_column fusion-builder-column-7 fusion_builder_column_1_2 1_2 fusion-flex-column fusion-column-inner-bg-wrapper\" style=\"--awb-inner-bg-image:url(&#039;https:\/\/widemexinternational.com\/wp-content\/uploads\/2021\/03\/Widemex-milieu.jpg&#039;);--awb-inner-bg-position:center center;--awb-inner-bg-size:cover;--awb-width-large:50%;--awb-margin-top-large:0px;--awb-spacing-right-large:0px;--awb-margin-bottom-large:0px;--awb-spacing-left-large:0px;--awb-width-medium:100%;--awb-order-medium:0;--awb-spacing-right-medium:0px;--awb-spacing-left-medium:0px;--awb-width-small:100%;--awb-order-small:0;--awb-spacing-right-small:0px;--awb-spacing-left-small:0px;\"><span class=\"fusion-column-inner-bg hover-type-zoomin\"><a class=\"fusion-column-anchor\" href=\"https:\/\/widemexinternational.com\/cs\/kontakt\/\"><span class=\"fusion-column-inner-bg-image\"><\/span><\/a><\/span><div class=\"fusion-column-wrapper fusion-column-has-shadow fusion-flex-justify-content-flex-start fusion-content-layout-column fusion-empty-column-bg-image fusion-column-has-bg-image\" data-bg-url=\"https:\/\/widemexinternational.com\/wp-content\/uploads\/2021\/03\/Widemex-milieu.jpg\"><img decoding=\"async\" class=\"fusion-empty-dims-img-placeholder fusion-no-large-visibility\" aria-label=\"Widemex-milieu\" src=\"data:image\/svg+xml,%3Csvg%20xmlns%3D%27http%3A%2F%2Fwww.w3.org%2F2000%2Fsvg%27%20width%3D%271000%27%20height%3D%27827%27%20viewBox%3D%270%200%201000%20827%27%3E%3Crect%20width%3D%271000%27%20height%3D%27827%27%20fill-opacity%3D%220%22%2F%3E%3C%2Fsvg%3E\"><\/div><\/div><div class=\"fusion-layout-column fusion_builder_column fusion-builder-column-8 fusion_builder_column_1_2 1_2 fusion-flex-column\" style=\"--awb-padding-top:13%;--awb-padding-right:13%;--awb-padding-bottom:13%;--awb-padding-left:13%;--awb-padding-top-medium:80px;--awb-padding-right-medium:60px;--awb-padding-bottom-medium:80px;--awb-padding-left-medium:60px;--awb-padding-right-small:40px;--awb-padding-bottom-small:60px;--awb-padding-left-small:40px;--awb-bg-color:#f0f0f0;--awb-bg-color-hover:#f0f0f0;--awb-bg-size:cover;--awb-width-large:50%;--awb-margin-top-large:0px;--awb-spacing-right-large:0px;--awb-margin-bottom-large:0px;--awb-spacing-left-large:0px;--awb-width-medium:100%;--awb-spacing-right-medium:0px;--awb-spacing-left-medium:0px;--awb-width-small:100%;--awb-spacing-right-small:0px;--awb-spacing-left-small:0px;\"><div class=\"fusion-column-wrapper fusion-flex-justify-content-center fusion-content-layout-column\"><div class=\"fusion-separator fusion-full-width-sep\" style=\"align-self: center;margin-left: auto;margin-right: auto;margin-top:25px;margin-bottom:25px;width:100%;\"><\/div><div class=\"fusion-title title fusion-title-2 fusion-title-center fusion-title-text fusion-title-size-two\"><div class=\"title-sep-container title-sep-container-left\"><div class=\"title-sep sep- sep-solid\" style=\"border-color:#e0dede;\"><\/div><\/div><span class=\"awb-title-spacer\"><\/span><h2 class=\"fusion-title-heading title-heading-center fusion-responsive-typography-calculated\" style=\"margin:0;--fontSize:26;line-height:1.69;\">\u0160ET\u0158\u00cdME \u017dIVOTN\u00cd PROST\u0158ED\u00cd<\/h2><span class=\"awb-title-spacer\"><\/span><div class=\"title-sep-container title-sep-container-right\"><div class=\"title-sep sep- sep-solid\" style=\"border-color:#e0dede;\"><\/div><\/div><\/div><div class=\"fusion-separator\" style=\"align-self: center;margin-left: auto;margin-right: auto;margin-top:5px;margin-bottom:30px;width:100%;max-width:30px;\"><div class=\"fusion-separator-border sep-single sep-solid\" style=\"--awb-height:20px;--awb-amount:20px;--awb-sep-color:#999999;border-color:#999999;border-top-width:1px;\"><\/div><\/div><div class=\"fusion-text fusion-text-2\" style=\"--awb-content-alignment:center;\"><p>I my ve spole\u010dnosti Widemex neust\u00e1le sledujeme po\u017eadavky v oblasti \u017eivotn\u00edho prost\u0159ed\u00ed a klimatu.<br \/>\nP\u00e9\u010de o na\u0161i planetu je zodpov\u011bdnost\u00ed n\u00e1s v\u0161ech!<\/p>\n<\/div><div class=\"fusion-separator fusion-full-width-sep\" style=\"align-self: center;margin-left: auto;margin-right: auto;margin-top:25px;margin-bottom:25px;width:100%;\"><\/div><\/div><\/div><\/div><\/div><div class=\"fusion-fullwidth fullwidth-box fusion-builder-row-3 fusion-flex-container hundred-percent-fullwidth non-hundred-percent-height-scrolling\" style=\"--link_hover_color: #ffffff;--link_color: #78bca1;--awb-background-position:left top;--awb-border-sizes-top:0px;--awb-border-sizes-bottom:0px;--awb-border-sizes-left:0px;--awb-border-sizes-right:0px;--awb-border-radius-top-left:0px;--awb-border-radius-top-right:0px;--awb-border-radius-bottom-right:0px;--awb-border-radius-bottom-left:0px;--awb-padding-top:0px;--awb-padding-right:0px;--awb-padding-bottom:0px;--awb-padding-left:0px;--awb-margin-top:20px;--awb-margin-bottom:20px;--awb-flex-wrap:wrap;\" ><div class=\"fusion-builder-row fusion-row fusion-flex-align-items-stretch fusion-flex-content-wrap\" style=\"width:calc( 100% + 0px ) !important;max-width:calc( 100% + 0px ) !important;margin-left: calc(-0px \/ 2 );margin-right: calc(-0px \/ 2 );\"><div class=\"fusion-layout-column fusion_builder_column fusion-builder-column-9 fusion_builder_column_1_1 1_1 fusion-flex-column\" style=\"--awb-bg-size:cover;--awb-width-large:100%;--awb-margin-top-large:0px;--awb-spacing-right-large:0px;--awb-margin-bottom-large:20px;--awb-spacing-left-large:0px;--awb-width-medium:100%;--awb-order-medium:0;--awb-spacing-right-medium:0px;--awb-spacing-left-medium:0px;--awb-width-small:100%;--awb-order-small:0;--awb-spacing-right-small:0px;--awb-spacing-left-small:0px;\"><div class=\"fusion-column-wrapper fusion-column-has-shadow fusion-flex-justify-content-flex-start fusion-content-layout-column\"><div class=\"fusion-separator fusion-full-width-sep\" style=\"align-self: center;margin-left: auto;margin-right: auto;margin-top:35px;margin-bottom:35px;width:100%;\"><\/div><\/div><\/div><\/div><\/div><\/p>\n","protected":false},"excerpt":{"rendered":"","protected":false},"author":1,"featured_media":0,"parent":0,"menu_order":0,"comment_status":"open","ping_status":"open","template":"100-width.php","meta":{"footnotes":""},"class_list":["post-9545","page","type-page","status-publish","hentry"],"_links":{"self":[{"href":"https:\/\/widemexinternational.com\/cs\/wp-json\/wp\/v2\/pages\/9545","targetHints":{"allow":["GET"]}}],"collection":[{"href":"https:\/\/widemexinternational.com\/cs\/wp-json\/wp\/v2\/pages"}],"about":[{"href":"https:\/\/widemexinternational.com\/cs\/wp-json\/wp\/v2\/types\/page"}],"author":[{"embeddable":true,"href":"https:\/\/widemexinternational.com\/cs\/wp-json\/wp\/v2\/users\/1"}],"replies":[{"embeddable":true,"href":"https:\/\/widemexinternational.com\/cs\/wp-json\/wp\/v2\/comments?post=9545"}],"version-history":[{"count":6,"href":"https:\/\/widemexinternational.com\/cs\/wp-json\/wp\/v2\/pages\/9545\/revisions"}],"predecessor-version":[{"id":9686,"href":"https:\/\/widemexinternational.com\/cs\/wp-json\/wp\/v2\/pages\/9545\/revisions\/9686"}],"wp:attachment":[{"href":"https:\/\/widemexinternational.com\/cs\/wp-json\/wp\/v2\/media?parent=9545"}],"curies":[{"name":"wp","href":"https:\/\/api.w.org\/{rel}","templated":true}]}}