{"id":9648,"date":"2021-03-26T02:00:44","date_gmt":"2021-03-26T01:00:44","guid":{"rendered":"https:\/\/widemexinternational.com\/product\/zehlici-prkno-ava\/"},"modified":"2021-03-26T02:00:44","modified_gmt":"2021-03-26T01:00:44","slug":"zehlici-prkno-ava","status":"publish","type":"product","link":"https:\/\/widemexinternational.com\/cs\/product\/zehlici-prkno-ava\/","title":{"rendered":"\u017dehl\u00edc\u00ed prkno AVA"},"content":{"rendered":"","protected":false},"excerpt":{"rendered":"<p>&nbsp;<br \/>&nbsp;<br \/>&nbsp;<\/p>\n<p>Zaujaly v\u00e1s na\u0161e v\u00fdrobky? Pro v\u00edce informac\u00ed n\u00e1s kontaktujte na telefonn\u00edm \u010d\u00edsle <nobr><a href=\"tel:+31 (0) 492 509 811\">+31 (0) 492 509 811<\/a> <\/nobr> nebo po\u017e\u00e1dejte o nez\u00e1vaznou nab\u00eddku prost\u0159ednictv\u00edm n\u00e1sleduj\u00edc\u00edho odkazu.\n<\/p>\n[fusion_button link=\"https:\/\/widemexinternational.com\/cs\/kontakt\/\" text_transform=\"\" title=\"\" target=\"_self\" link_attributes=\"\" alignment_medium=\"\" alignment_small=\"\" alignment=\"\" modal=\"\" hide_on_mobile=\"small-visibility,medium-visibility,large-visibility\" sticky_display=\"normal,sticky\" class=\"\" id=\"\" color=\"custom\" button_gradient_top_color=\"\" button_gradient_bottom_color=\"\" button_gradient_top_color_hover=\"\" button_gradient_bottom_color_hover=\"\" accent_color=\"\" accent_hover_color=\"\" type=\"\" bevel_color=\"\" border_width=\"\" border_radius=\"\" border_color=\"\" border_hover_color=\"\" size=\"\" stretch=\"default\" margin_top=\"\" margin_right=\"\" margin_bottom=\"\" margin_left=\"\" icon=\"\" icon_position=\"left\" icon_divider=\"no\" animation_type=\"\" animation_direction=\"left\" animation_speed=\"0.3\" animation_offset=\"\"]Zaujaly v\u00e1s na\u0161e v\u00fdrobky?  [\/fusion_button]\n<p>&nbsp;<br \/>&nbsp;<br \/>&nbsp;<\/p>\n","protected":false},"featured_media":7791,"comment_status":"closed","ping_status":"closed","template":"","meta":[],"product_brand":[],"product_cat":[210],"product_tag":[334],"class_list":{"0":"post-9648","1":"product","2":"type-product","3":"status-publish","4":"has-post-thumbnail","6":"product_cat-zehlici-prkna-cs","7":"product_tag-zehlici-prkna","9":"first","10":"instock","11":"featured","12":"shipping-taxable","13":"product-type-simple"},"_links":{"self":[{"href":"https:\/\/widemexinternational.com\/cs\/wp-json\/wp\/v2\/product\/9648","targetHints":{"allow":["GET"]}}],"collection":[{"href":"https:\/\/widemexinternational.com\/cs\/wp-json\/wp\/v2\/product"}],"about":[{"href":"https:\/\/widemexinternational.com\/cs\/wp-json\/wp\/v2\/types\/product"}],"replies":[{"embeddable":true,"href":"https:\/\/widemexinternational.com\/cs\/wp-json\/wp\/v2\/comments?post=9648"}],"wp:featuredmedia":[{"embeddable":true,"href":"https:\/\/widemexinternational.com\/cs\/wp-json\/wp\/v2\/media\/7791"}],"wp:attachment":[{"href":"https:\/\/widemexinternational.com\/cs\/wp-json\/wp\/v2\/media?parent=9648"}],"wp:term":[{"taxonomy":"product_brand","embeddable":true,"href":"https:\/\/widemexinternational.com\/cs\/wp-json\/wp\/v2\/product_brand?post=9648"},{"taxonomy":"product_cat","embeddable":true,"href":"https:\/\/widemexinternational.com\/cs\/wp-json\/wp\/v2\/product_cat?post=9648"},{"taxonomy":"product_tag","embeddable":true,"href":"https:\/\/widemexinternational.com\/cs\/wp-json\/wp\/v2\/product_tag?post=9648"}],"curies":[{"name":"wp","href":"https:\/\/api.w.org\/{rel}","templated":true}]}}