{"id":5527,"date":"2020-12-11T15:59:09","date_gmt":"2020-12-11T14:59:09","guid":{"rendered":"https:\/\/widemexinternational.com\/a-propos-de-nous\/"},"modified":"2021-06-14T18:55:53","modified_gmt":"2021-06-14T16:55:53","slug":"a-propos-de-nous","status":"publish","type":"page","link":"https:\/\/widemexinternational.com\/fr\/a-propos-de-nous\/","title":{"rendered":"\u00c0 propos"},"content":{"rendered":"<p><div class=\"fusion-fullwidth fullwidth-box fusion-builder-row-1 fusion-flex-container nonhundred-percent-fullwidth non-hundred-percent-height-scrolling\" style=\"--awb-background-position:left top;--awb-border-sizes-top:0px;--awb-border-sizes-bottom:0px;--awb-border-sizes-left:0px;--awb-border-sizes-right:0px;--awb-border-radius-top-left:0px;--awb-border-radius-top-right:0px;--awb-border-radius-bottom-right:0px;--awb-border-radius-bottom-left:0px;--awb-padding-top:0px;--awb-padding-bottom:0px;--awb-padding-bottom-medium:60px;--awb-padding-bottom-small:60px;--awb-flex-wrap:wrap;\" ><div class=\"fusion-builder-row fusion-row fusion-flex-align-items-flex-start fusion-flex-content-wrap\" style=\"max-width:1216.8px;margin-left: calc(-4% \/ 2 );margin-right: calc(-4% \/ 2 );\"><div class=\"fusion-layout-column fusion_builder_column fusion-builder-column-0 fusion_builder_column_1_6 1_6 fusion-flex-column\" style=\"--awb-bg-size:cover;--awb-width-large:16.666666666667%;--awb-margin-top-large:0px;--awb-spacing-right-large:11.52%;--awb-margin-bottom-large:20px;--awb-spacing-left-large:11.52%;--awb-width-medium:100%;--awb-order-medium:0;--awb-spacing-right-medium:1.92%;--awb-spacing-left-medium:1.92%;--awb-width-small:100%;--awb-order-small:0;--awb-spacing-right-small:1.92%;--awb-spacing-left-small:1.92%;\"><div class=\"fusion-column-wrapper fusion-column-has-shadow fusion-flex-justify-content-flex-start fusion-content-layout-column\"><\/div><\/div><div class=\"fusion-layout-column fusion_builder_column fusion-builder-column-1 fusion_builder_column_2_3 2_3 fusion-flex-column\" style=\"--awb-bg-size:cover;--awb-width-large:66.666666666667%;--awb-margin-top-large:0px;--awb-spacing-right-large:2.88%;--awb-margin-bottom-large:20px;--awb-spacing-left-large:2.88%;--awb-width-medium:100%;--awb-spacing-right-medium:1.92%;--awb-spacing-left-medium:1.92%;--awb-width-small:100%;--awb-spacing-right-small:1.92%;--awb-spacing-left-small:1.92%;\"><div class=\"fusion-column-wrapper fusion-flex-justify-content-flex-start fusion-content-layout-column\"><div class=\"fusion-title title fusion-title-1 fusion-title-center fusion-title-text fusion-title-size-four\" style=\"--awb-font-size:33px;\"><div class=\"title-sep-container title-sep-container-left\"><div class=\"title-sep sep- sep-solid\" style=\"border-color:#e0dede;\"><\/div><\/div><span class=\"awb-title-spacer\"><\/span><h4 class=\"fusion-title-heading title-heading-center fusion-responsive-typography-calculated\" style=\"margin:0;font-size:1em;--fontSize:33;line-height:1.52;\">\u00c0 propos<\/h4><span class=\"awb-title-spacer\"><\/span><div class=\"title-sep-container title-sep-container-right\"><div class=\"title-sep sep- sep-solid\" style=\"border-color:#e0dede;\"><\/div><\/div><\/div><\/div><\/div><div class=\"fusion-layout-column fusion_builder_column fusion-builder-column-2 fusion_builder_column_1_6 1_6 fusion-flex-column\" style=\"--awb-bg-size:cover;--awb-width-large:16.666666666667%;--awb-margin-top-large:0px;--awb-spacing-right-large:11.52%;--awb-margin-bottom-large:20px;--awb-spacing-left-large:11.52%;--awb-width-medium:100%;--awb-order-medium:0;--awb-spacing-right-medium:1.92%;--awb-spacing-left-medium:1.92%;--awb-width-small:100%;--awb-order-small:0;--awb-spacing-right-small:1.92%;--awb-spacing-left-small:1.92%;\"><div class=\"fusion-column-wrapper fusion-column-has-shadow fusion-flex-justify-content-flex-start fusion-content-layout-column\"><\/div><\/div><div class=\"fusion-layout-column fusion_builder_column fusion-builder-column-3 fusion_builder_column_1_5 1_5 fusion-flex-column\" style=\"--awb-bg-size:cover;--awb-width-large:20%;--awb-margin-top-large:0px;--awb-spacing-right-large:9.6%;--awb-margin-bottom-large:20px;--awb-spacing-left-large:9.6%;--awb-width-medium:100%;--awb-order-medium:0;--awb-spacing-right-medium:1.92%;--awb-spacing-left-medium:1.92%;--awb-width-small:100%;--awb-order-small:0;--awb-spacing-right-small:1.92%;--awb-spacing-left-small:1.92%;\"><div class=\"fusion-column-wrapper fusion-column-has-shadow fusion-flex-justify-content-flex-start fusion-content-layout-column\"><div class=\"fusion-widget-area awb-widget-area-element fusion-widget-area-1 fusion-content-widget-area\" style=\"--awb-title-size:30px;--awb-title-color:#333333;--awb-padding:0px 0px 0px 0px;\"><section id=\"nav_menu-3\" class=\"fusion-slidingbar-widget-column widget widget_nav_menu\" style=\"border-width: 1px;border-style: solid;border-color:transparent;\"><h4 class=\"widget-title\">Entreprise<\/h4><div class=\"menu-bedrijf-menu-frans-container\"><ul id=\"menu-bedrijf-menu-frans\" class=\"menu\"><li id=\"menu-item-5792\" class=\"menu-item menu-item-type-post_type menu-item-object-page menu-item-5792\"><a href=\"https:\/\/widemexinternational.com\/fr\/a-propos-de-nous\/\">\u00c0 propos<\/a><\/li>\n<li id=\"menu-item-5793\" class=\"menu-item menu-item-type-post_type menu-item-object-page menu-item-5793\"><a href=\"https:\/\/widemexinternational.com\/fr\/notre-equipe\/\">Notre \u00e9quipe<\/a><\/li>\n<li id=\"menu-item-5794\" class=\"menu-item menu-item-type-post_type menu-item-object-page menu-item-5794\"><a href=\"https:\/\/widemexinternational.com\/fr\/certificats\/\">Certifications<\/a><\/li>\n<li id=\"menu-item-5795\" class=\"menu-item menu-item-type-post_type menu-item-object-page menu-item-5795\"><a href=\"https:\/\/widemexinternational.com\/fr\/environnement\/\">Environnement<\/a><\/li>\n<li id=\"menu-item-5796\" class=\"menu-item menu-item-type-post_type menu-item-object-page menu-item-5796\"><a href=\"https:\/\/widemexinternational.com\/fr\/carriere\/\">Offres d\u2019emploi<\/a><\/li>\n<\/ul><\/div><div style=\"clear:both;\"><\/div><\/section><div class=\"fusion-additional-widget-content\"><\/div><\/div><\/div><\/div><div class=\"fusion-layout-column fusion_builder_column fusion-builder-column-4 fusion_builder_column_4_5 4_5 fusion-flex-column\" style=\"--awb-bg-size:cover;--awb-width-large:80%;--awb-margin-top-large:0px;--awb-spacing-right-large:2.4%;--awb-margin-bottom-large:20px;--awb-spacing-left-large:2.4%;--awb-width-medium:100%;--awb-spacing-right-medium:1.92%;--awb-spacing-left-medium:1.92%;--awb-width-small:100%;--awb-spacing-right-small:1.92%;--awb-spacing-left-small:1.92%;\"><div class=\"fusion-column-wrapper fusion-flex-justify-content-flex-start fusion-content-layout-column\"><div class=\"fusion-text fusion-text-1\" style=\"--awb-content-alignment:center;\"><p style=\"text-align: left;\"><img decoding=\"async\" class=\"size-full wp-image-4909 alignleft\" src=\"https:\/\/widemexinternational.com\/wp-content\/uploads\/2020\/10\/widemex-5_EAN7660.jpg\" alt=\"\" width=\"500\" height=\"500\" srcset=\"https:\/\/widemexinternational.com\/wp-content\/uploads\/2020\/10\/widemex-5_EAN7660-66x66.jpg 66w, https:\/\/widemexinternational.com\/wp-content\/uploads\/2020\/10\/widemex-5_EAN7660-100x100.jpg 100w, https:\/\/widemexinternational.com\/wp-content\/uploads\/2020\/10\/widemex-5_EAN7660-150x150.jpg 150w, https:\/\/widemexinternational.com\/wp-content\/uploads\/2020\/10\/widemex-5_EAN7660-200x200.jpg 200w, https:\/\/widemexinternational.com\/wp-content\/uploads\/2020\/10\/widemex-5_EAN7660-300x300.jpg 300w, https:\/\/widemexinternational.com\/wp-content\/uploads\/2020\/10\/widemex-5_EAN7660-400x400.jpg 400w, https:\/\/widemexinternational.com\/wp-content\/uploads\/2020\/10\/widemex-5_EAN7660.jpg 500w\" sizes=\"(max-width: 500px) 100vw, 500px\" \/><\/p>\n<p style=\"text-align: left;\">Widemex International est un fabricant et distributeur europ\u00e9en de housses et de tables \u00e0 repasser pour le march\u00e9 des marques de distributeur. Nous privil\u00e9gions avant tout la qualit\u00e9 et l\u2019innovation pour d\u00e9velopper des articles de repassage haut de gamme.\n<\/p>\n<p style=\"text-align: left;\">Nous proposons plusieurs produits innovants et brevet\u00e9s et nous d\u00e9veloppons nos produits selon les normes de qualit\u00e9 les plus strictes. Nos articles de repassage sont livr\u00e9s directement dans pr\u00e8s de 35\u00a0pays diff\u00e9rents pour \u00eatre ensuite distribu\u00e9s dans le monde entier.<\/p>\n<p style=\"text-align: left;\"><strong>Notre histoire<\/strong><\/p>\n<p style=\"text-align: left;\">Widemex a \u00e9t\u00e9 cr\u00e9\u00e9e par M.\u00a0Wientjes \u00e0 Amsterdam en 1954. Le nom de notre entreprise est la contraction des mots \u00ab\u00a0Wientjes\u00a0\u00bb, \u00ab\u00a0Demonstration\u00a0\u00bb et \u00ab\u00a0Exportation\u00a0\u00bb. En 1970, M.\u00a0Wientjes vend Widemex \u00e0 la famille Nijhuis qui transf\u00e8re l\u2019entreprise \u00e0 Geldrop. En 2000, la soci\u00e9t\u00e9 Widemex est rachet\u00e9e par Martijn et Katia van der Maas. Ils ciblent alors l\u2019innovation et la qualit\u00e9. Des produits innovants sont brevet\u00e9s, tels que la housse Turbo &#038; Parking, la housse Active et la housse Airpro. Le couple lance \u00e9galement un large choix de planche \u00e0 repasser.<\/p>\n<p style=\"text-align: left;\">En 2005, l\u2019entreprise d\u00e9m\u00e9nage \u00e0 Helmond. En 2012 et 2017, Widemex ouvre des succursales en Pologne pour la confection de housses de tables \u00e0 repasser et l\u2019entreposage pour l\u2019Europe de l\u2019Est. D\u00e8s 2015, l\u2019entreprise effectue d\u2019importants investissements dans un parc de machines pour faciliter la croissance.<\/p>\n<p style=\"text-align: left;\">Widemex s\u2019impose de plus en plus comme un acteur de premier plan dans l\u2019univers du\u00a0repassage. Aujourd\u2019hui, nous fournissons de grands noms de la distribution en Europe.<\/p>\n<\/div><\/div><\/div><\/div><\/div><div class=\"fusion-fullwidth fullwidth-box fusion-builder-row-2 fusion-flex-container hundred-percent-fullwidth non-hundred-percent-height-scrolling\" style=\"--awb-background-position:left top;--awb-border-sizes-top:0px;--awb-border-sizes-bottom:0px;--awb-border-sizes-left:0px;--awb-border-sizes-right:0px;--awb-border-radius-top-left:0px;--awb-border-radius-top-right:0px;--awb-border-radius-bottom-right:0px;--awb-border-radius-bottom-left:0px;--awb-padding-top:0px;--awb-padding-right:0px;--awb-padding-bottom:0px;--awb-padding-left:0px;--awb-flex-wrap:wrap;\" ><div class=\"fusion-builder-row fusion-row fusion-flex-align-items-stretch fusion-flex-content-wrap\" style=\"width:calc( 100% + 0px ) !important;max-width:calc( 100% + 0px ) !important;margin-left: calc(-0px \/ 2 );margin-right: calc(-0px \/ 2 );\"><div class=\"fusion-layout-column fusion_builder_column fusion-builder-column-5 fusion_builder_column_1_2 1_2 fusion-flex-column fusion-column-inner-bg-wrapper\" style=\"--awb-inner-bg-image:url(&#039;https:\/\/widemexinternational.com\/wp-content\/uploads\/2020\/10\/Widemex-700px_EAN7705.jpg&#039;);--awb-inner-bg-position:center center;--awb-inner-bg-size:cover;--awb-width-large:50%;--awb-margin-top-large:0px;--awb-spacing-right-large:0px;--awb-margin-bottom-large:0px;--awb-spacing-left-large:0px;--awb-width-medium:100%;--awb-order-medium:0;--awb-spacing-right-medium:0px;--awb-spacing-left-medium:0px;--awb-width-small:100%;--awb-order-small:0;--awb-spacing-right-small:0px;--awb-spacing-left-small:0px;\"><span class=\"fusion-column-inner-bg hover-type-zoomin\"><a class=\"fusion-column-anchor\" href=\"https:\/\/widemexinternational.com\/fr\/contact\/\"><span class=\"fusion-column-inner-bg-image\"><\/span><\/a><\/span><div class=\"fusion-column-wrapper fusion-column-has-shadow fusion-flex-justify-content-flex-start fusion-content-layout-column fusion-empty-column-bg-image fusion-column-has-bg-image\" data-bg-url=\"https:\/\/widemexinternational.com\/wp-content\/uploads\/2020\/10\/Widemex-700px_EAN7705.jpg\"><img decoding=\"async\" class=\"fusion-empty-dims-img-placeholder fusion-no-large-visibility\" aria-label=\"Widemex-700px_EAN7705\" src=\"data:image\/svg+xml,%3Csvg%20xmlns%3D%27http%3A%2F%2Fwww.w3.org%2F2000%2Fsvg%27%20width%3D%27700%27%20height%3D%27467%27%20viewBox%3D%270%200%20700%20467%27%3E%3Crect%20width%3D%27700%27%20height%3D%27467%27%20fill-opacity%3D%220%22%2F%3E%3C%2Fsvg%3E\"><\/div><\/div><div class=\"fusion-layout-column fusion_builder_column fusion-builder-column-6 fusion_builder_column_1_2 1_2 fusion-flex-column\" style=\"--awb-padding-top:13%;--awb-padding-right:13%;--awb-padding-bottom:13%;--awb-padding-left:13%;--awb-padding-top-medium:80px;--awb-padding-right-medium:60px;--awb-padding-bottom-medium:80px;--awb-padding-left-medium:60px;--awb-padding-right-small:40px;--awb-padding-bottom-small:60px;--awb-padding-left-small:40px;--awb-bg-color:#f0f0f0;--awb-bg-color-hover:#f0f0f0;--awb-bg-size:cover;--awb-width-large:50%;--awb-margin-top-large:0px;--awb-spacing-right-large:0px;--awb-margin-bottom-large:0px;--awb-spacing-left-large:0px;--awb-width-medium:100%;--awb-spacing-right-medium:0px;--awb-spacing-left-medium:0px;--awb-width-small:100%;--awb-spacing-right-small:0px;--awb-spacing-left-small:0px;\"><div class=\"fusion-column-wrapper fusion-flex-justify-content-center fusion-content-layout-column\"><div class=\"fusion-separator fusion-full-width-sep\" style=\"align-self: center;margin-left: auto;margin-right: auto;margin-top:35px;margin-bottom:35px;width:100%;\"><\/div><div class=\"fusion-title title fusion-title-2 fusion-title-center fusion-title-text fusion-title-size-two\"><div class=\"title-sep-container title-sep-container-left\"><div class=\"title-sep sep- sep-solid\" style=\"border-color:#e0dede;\"><\/div><\/div><span class=\"awb-title-spacer\"><\/span><h2 class=\"fusion-title-heading title-heading-center fusion-responsive-typography-calculated\" style=\"margin:0;--fontSize:26;line-height:1.69;\">NOS SERVICES\u00a0VOUS INT\u00c9RESSENT\u00a0?<\/h2><span class=\"awb-title-spacer\"><\/span><div class=\"title-sep-container title-sep-container-right\"><div class=\"title-sep sep- sep-solid\" style=\"border-color:#e0dede;\"><\/div><\/div><\/div><div class=\"fusion-separator\" style=\"align-self: center;margin-left: auto;margin-right: auto;margin-top:5px;margin-bottom:30px;width:100%;max-width:30px;\"><div class=\"fusion-separator-border sep-single sep-solid\" style=\"--awb-height:20px;--awb-amount:20px;--awb-sep-color:#999999;border-color:#999999;border-top-width:1px;\"><\/div><\/div><div class=\"fusion-text fusion-text-2\" style=\"--awb-content-alignment:center;\"><p>Par t\u00e9l\u00e9phone ou par e-mail, nous serons ravis de vous aider\u00a0!<\/p>\n<\/div><div class=\"fusion-separator fusion-full-width-sep\" style=\"align-self: center;margin-left: auto;margin-right: auto;margin-top:35px;margin-bottom:35px;width:100%;\"><\/div><\/div><\/div><\/div><\/div><div class=\"fusion-fullwidth fullwidth-box fusion-builder-row-3 fusion-flex-container hundred-percent-fullwidth non-hundred-percent-height-scrolling\" style=\"--link_hover_color: #ffffff;--link_color: #78bca1;--awb-background-position:left top;--awb-border-sizes-top:0px;--awb-border-sizes-bottom:0px;--awb-border-sizes-left:0px;--awb-border-sizes-right:0px;--awb-border-radius-top-left:0px;--awb-border-radius-top-right:0px;--awb-border-radius-bottom-right:0px;--awb-border-radius-bottom-left:0px;--awb-padding-top:0px;--awb-padding-right:0px;--awb-padding-bottom:0px;--awb-padding-left:0px;--awb-margin-top:20px;--awb-margin-bottom:20px;--awb-flex-wrap:wrap;\" ><div class=\"fusion-builder-row fusion-row fusion-flex-align-items-stretch fusion-flex-content-wrap\" style=\"width:calc( 100% + 0px ) !important;max-width:calc( 100% + 0px ) !important;margin-left: calc(-0px \/ 2 );margin-right: calc(-0px \/ 2 );\"><div class=\"fusion-layout-column fusion_builder_column fusion-builder-column-7 fusion_builder_column_1_1 1_1 fusion-flex-column\" style=\"--awb-bg-size:cover;--awb-width-large:100%;--awb-margin-top-large:0px;--awb-spacing-right-large:0px;--awb-margin-bottom-large:20px;--awb-spacing-left-large:0px;--awb-width-medium:100%;--awb-order-medium:0;--awb-spacing-right-medium:0px;--awb-spacing-left-medium:0px;--awb-width-small:100%;--awb-order-small:0;--awb-spacing-right-small:0px;--awb-spacing-left-small:0px;\"><div class=\"fusion-column-wrapper fusion-column-has-shadow fusion-flex-justify-content-flex-start fusion-content-layout-column\"><div class=\"fusion-separator fusion-full-width-sep\" style=\"align-self: center;margin-left: auto;margin-right: auto;margin-top:35px;margin-bottom:35px;width:100%;\"><\/div><\/div><\/div><\/div><\/div><\/p>\n","protected":false},"excerpt":{"rendered":"","protected":false},"author":1,"featured_media":0,"parent":0,"menu_order":0,"comment_status":"open","ping_status":"open","template":"100-width.php","meta":{"footnotes":""},"class_list":["post-5527","page","type-page","status-publish","hentry"],"_links":{"self":[{"href":"https:\/\/widemexinternational.com\/fr\/wp-json\/wp\/v2\/pages\/5527","targetHints":{"allow":["GET"]}}],"collection":[{"href":"https:\/\/widemexinternational.com\/fr\/wp-json\/wp\/v2\/pages"}],"about":[{"href":"https:\/\/widemexinternational.com\/fr\/wp-json\/wp\/v2\/types\/page"}],"author":[{"embeddable":true,"href":"https:\/\/widemexinternational.com\/fr\/wp-json\/wp\/v2\/users\/1"}],"replies":[{"embeddable":true,"href":"https:\/\/widemexinternational.com\/fr\/wp-json\/wp\/v2\/comments?post=5527"}],"version-history":[{"count":55,"href":"https:\/\/widemexinternational.com\/fr\/wp-json\/wp\/v2\/pages\/5527\/revisions"}],"predecessor-version":[{"id":9339,"href":"https:\/\/widemexinternational.com\/fr\/wp-json\/wp\/v2\/pages\/5527\/revisions\/9339"}],"wp:attachment":[{"href":"https:\/\/widemexinternational.com\/fr\/wp-json\/wp\/v2\/media?parent=5527"}],"curies":[{"name":"wp","href":"https:\/\/api.w.org\/{rel}","templated":true}]}}