{"id":5724,"date":"2020-12-19T15:13:03","date_gmt":"2020-12-19T14:13:03","guid":{"rendered":"https:\/\/widemexinternational.com\/nouvelles\/"},"modified":"2021-10-31T09:13:42","modified_gmt":"2021-10-31T08:13:42","slug":"actualites","status":"publish","type":"page","link":"https:\/\/widemexinternational.com\/fr\/actualites\/","title":{"rendered":"Actualit\u00e9s"},"content":{"rendered":"<p><div class=\"fusion-fullwidth fullwidth-box fusion-builder-row-1 fusion-flex-container nonhundred-percent-fullwidth non-hundred-percent-height-scrolling\" style=\"--awb-background-position:left top;--awb-border-sizes-top:0px;--awb-border-sizes-bottom:0px;--awb-border-sizes-left:0px;--awb-border-sizes-right:0px;--awb-border-radius-top-left:0px;--awb-border-radius-top-right:0px;--awb-border-radius-bottom-right:0px;--awb-border-radius-bottom-left:0px;--awb-padding-top:100px;--awb-padding-bottom:0px;--awb-padding-top-medium:80px;--awb-padding-top-small:60px;--awb-flex-wrap:wrap;\" ><div class=\"fusion-builder-row fusion-row fusion-flex-align-items-flex-start fusion-flex-content-wrap\" style=\"max-width:1216.8px;margin-left: calc(-4% \/ 2 );margin-right: calc(-4% \/ 2 );\"><div class=\"fusion-layout-column fusion_builder_column fusion-builder-column-0 fusion_builder_column_1_2 1_2 fusion-flex-column\" style=\"--awb-bg-size:cover;--awb-width-large:50%;--awb-margin-top-large:0px;--awb-spacing-right-large:3.84%;--awb-margin-bottom-large:0px;--awb-spacing-left-large:3.84%;--awb-width-medium:100%;--awb-spacing-right-medium:1.92%;--awb-spacing-left-medium:1.92%;--awb-width-small:100%;--awb-spacing-right-small:1.92%;--awb-spacing-left-small:1.92%;\"><div class=\"fusion-column-wrapper fusion-flex-justify-content-flex-start fusion-content-layout-column\"><div class=\"fusion-recent-posts fusion-recent-posts-1 avada-container layout-default layout-columns-1\"><section class=\"fusion-columns columns fusion-columns-1 columns-1\"><article class=\"post fusion-column column col col-lg-12 col-md-12 col-sm-12\"><div class=\"fusion-flexslider fusion-flexslider-loading flexslider flexslider-hover-type-liftup\"><ul class=\"slides\"><li><a href=\"https:\/\/widemexinternational.com\/fr\/widemex-ontvangt-gio-erkenning-met-de-carl-cord-winder\/\" aria-label=\"Widemex ontvangt GIO Erkenning met de Carl\u00ae Cord Winder\" class=\"hover-type-liftup\"><img decoding=\"async\" width=\"640\" height=\"426\" src=\"https:\/\/widemexinternational.com\/wp-content\/uploads\/2020\/10\/NIEUWSART-1-rendu_Clip-CARL_seul-debout_RotationAWART.jpg\" class=\"attachment-recent-posts size-recent-posts\" alt=\"\" srcset=\"https:\/\/widemexinternational.com\/wp-content\/uploads\/2020\/10\/NIEUWSART-1-rendu_Clip-CARL_seul-debout_RotationAWART-200x133.jpg 200w, https:\/\/widemexinternational.com\/wp-content\/uploads\/2020\/10\/NIEUWSART-1-rendu_Clip-CARL_seul-debout_RotationAWART-300x200.jpg 300w, https:\/\/widemexinternational.com\/wp-content\/uploads\/2020\/10\/NIEUWSART-1-rendu_Clip-CARL_seul-debout_RotationAWART-400x266.jpg 400w, https:\/\/widemexinternational.com\/wp-content\/uploads\/2020\/10\/NIEUWSART-1-rendu_Clip-CARL_seul-debout_RotationAWART-500x333.jpg 500w, https:\/\/widemexinternational.com\/wp-content\/uploads\/2020\/10\/NIEUWSART-1-rendu_Clip-CARL_seul-debout_RotationAWART-600x399.jpg 600w, https:\/\/widemexinternational.com\/wp-content\/uploads\/2020\/10\/NIEUWSART-1-rendu_Clip-CARL_seul-debout_RotationAWART.jpg 640w\" sizes=\"(max-width: 640px) 100vw, 640px\" \/><\/a><\/li><\/ul><\/div><div class=\"recent-posts-content\"><span class=\"vcard\" style=\"display: none;\"><span class=\"fn\"><a href=\"https:\/\/widemexinternational.com\/fr\/author\/admin\/\" title=\"Articles par admin\" rel=\"author\">admin<\/a><\/span><\/span><span class=\"updated\" style=\"display:none;\">2021-10-31T09:15:46+01:00<\/span><h4 class=\"entry-title\"><a href=\"https:\/\/widemexinternational.com\/fr\/widemex-ontvangt-gio-erkenning-met-de-carl-cord-winder\/\">Widemex ontvangt GIO Erkenning met de Carl\u00ae Cord Winder<\/a><\/h4><p class=\"meta\">By <span class=\"vcard\"><span class=\"fn\"><a href=\"https:\/\/widemexinternational.com\/fr\/author\/admin\/\" title=\"Articles par admin\" rel=\"author\">admin<\/a><\/span><\/span><span class=\"fusion-inline-sep\">|<\/span><span class=\"updated\" style=\"display:none;\">2021-10-31T09:15:46+01:00<\/span><span>octobre 31st, 2021<\/span><span class=\"fusion-inline-sep\">|<\/span>Categories: <a href=\"https:\/\/widemexinternational.com\/fr\/category\/nouvelles-recentes\/\" rel=\"category tag\">Nouvelles r\u00e9centes<\/a><span class=\"fusion-inline-sep\">|<\/span><\/p><p>Op 20 oktober 2021 vond de uitreiking van de GIO (Goed Industrieel Ontwerp) 2021 plaats in het Klokgebouw in Eindhoven. Een GIO Erkenning is een nationaal kwaliteitskeurmerk voor goed vakmanschap.\u00a0De [...]<\/p><\/div><\/article><\/section><\/div><\/div><\/div><div class=\"fusion-layout-column fusion_builder_column fusion-builder-column-1 fusion_builder_column_1_2 1_2 fusion-flex-column\" style=\"--awb-bg-size:cover;--awb-width-large:50%;--awb-margin-top-large:0px;--awb-spacing-right-large:3.84%;--awb-margin-bottom-large:0px;--awb-spacing-left-large:3.84%;--awb-width-medium:100%;--awb-spacing-right-medium:1.92%;--awb-spacing-left-medium:1.92%;--awb-width-small:100%;--awb-spacing-right-small:1.92%;--awb-spacing-left-small:1.92%;\"><div class=\"fusion-column-wrapper fusion-flex-justify-content-flex-start fusion-content-layout-column\"><div class=\"fusion-recent-posts fusion-recent-posts-2 avada-container layout-thumbnails-on-side layout-columns-1\"><section class=\"fusion-columns columns fusion-columns-1 columns-1\"><article class=\"post fusion-column column col col-lg-12 col-md-12 col-sm-12\"><div class=\"fusion-flexslider fusion-flexslider-loading flexslider floated-slideshow flexslider-hover-type-liftup\"><ul class=\"slides\"><li><a href=\"https:\/\/widemexinternational.com\/fr\/nos-cordes-a-linge-respectent-la-reglementation-reach\/\" aria-label=\"Nos cordes \u00e0 linge respectent la r\u00e9glementation REACH\" class=\"hover-type-liftup\"><img decoding=\"async\" width=\"200\" height=\"133\" src=\"https:\/\/widemexinternational.com\/wp-content\/uploads\/2021\/03\/NIEUWS-ART-2-WIDEX_WashingLine_Blue_600px-200x133.jpg\" class=\"attachment-fusion-200 size-fusion-200\" alt=\"\" srcset=\"https:\/\/widemexinternational.com\/wp-content\/uploads\/2021\/03\/NIEUWS-ART-2-WIDEX_WashingLine_Blue_600px-200x133.jpg 200w, https:\/\/widemexinternational.com\/wp-content\/uploads\/2021\/03\/NIEUWS-ART-2-WIDEX_WashingLine_Blue_600px-300x200.jpg 300w, https:\/\/widemexinternational.com\/wp-content\/uploads\/2021\/03\/NIEUWS-ART-2-WIDEX_WashingLine_Blue_600px-400x266.jpg 400w, https:\/\/widemexinternational.com\/wp-content\/uploads\/2021\/03\/NIEUWS-ART-2-WIDEX_WashingLine_Blue_600px-500x333.jpg 500w, https:\/\/widemexinternational.com\/wp-content\/uploads\/2021\/03\/NIEUWS-ART-2-WIDEX_WashingLine_Blue_600px-600x399.jpg 600w, https:\/\/widemexinternational.com\/wp-content\/uploads\/2021\/03\/NIEUWS-ART-2-WIDEX_WashingLine_Blue_600px.jpg 640w\" sizes=\"(max-width: 200px) 100vw, 200px\" \/><\/a><\/li><\/ul><\/div><div class=\"recent-posts-content\"><span class=\"vcard\" style=\"display: none;\"><span class=\"fn\"><a href=\"https:\/\/widemexinternational.com\/fr\/author\/admin\/\" title=\"Articles par admin\" rel=\"author\">admin<\/a><\/span><\/span><span class=\"updated\" style=\"display:none;\">2021-10-31T08:56:42+01:00<\/span><h4 class=\"entry-title\"><a href=\"https:\/\/widemexinternational.com\/fr\/nos-cordes-a-linge-respectent-la-reglementation-reach\/\">Nos cordes \u00e0 linge respectent la r\u00e9glementation REACH<\/a><\/h4><p class=\"meta\">By <span class=\"vcard\"><span class=\"fn\"><a href=\"https:\/\/widemexinternational.com\/fr\/author\/admin\/\" title=\"Articles par admin\" rel=\"author\">admin<\/a><\/span><\/span><span class=\"fusion-inline-sep\">|<\/span><span class=\"updated\" style=\"display:none;\">2021-10-31T08:56:42+01:00<\/span><span>juin 12th, 2021<\/span><span class=\"fusion-inline-sep\">|<\/span>Categories: <a href=\"https:\/\/widemexinternational.com\/fr\/category\/actualites\/\" rel=\"category tag\">Actualit\u00e9s<\/a><span class=\"fusion-inline-sep\">|<\/span><\/p><p> En collaboration avec un coll\u00e8gue fabricant, nous avons commenc\u00e9 \u00e0 produire des cordes \u00e0 linge respectant la r\u00e9glementation REACH en 2020. Nous les fabriquons en diff\u00e9rents types et tailles [...]<\/p><\/div><\/article><article class=\"post fusion-column column col col-lg-12 col-md-12 col-sm-12\"><div class=\"fusion-flexslider fusion-flexslider-loading flexslider floated-slideshow flexslider-hover-type-liftup\"><ul class=\"slides\"><li><a href=\"https:\/\/widemexinternational.com\/fr\/des-emballages-durables-en-carton\/\" aria-label=\"Des emballages durables en carton\" class=\"hover-type-liftup\"><img decoding=\"async\" width=\"200\" height=\"133\" src=\"https:\/\/widemexinternational.com\/wp-content\/uploads\/2021\/03\/NIEUWS-ART-3aCarton-Box__2021_WIDEX_3-4av-200x133.jpg\" class=\"attachment-fusion-200 size-fusion-200\" alt=\"\" srcset=\"https:\/\/widemexinternational.com\/wp-content\/uploads\/2021\/03\/NIEUWS-ART-3aCarton-Box__2021_WIDEX_3-4av-200x133.jpg 200w, https:\/\/widemexinternational.com\/wp-content\/uploads\/2021\/03\/NIEUWS-ART-3aCarton-Box__2021_WIDEX_3-4av-300x200.jpg 300w, https:\/\/widemexinternational.com\/wp-content\/uploads\/2021\/03\/NIEUWS-ART-3aCarton-Box__2021_WIDEX_3-4av-400x266.jpg 400w, https:\/\/widemexinternational.com\/wp-content\/uploads\/2021\/03\/NIEUWS-ART-3aCarton-Box__2021_WIDEX_3-4av-500x333.jpg 500w, https:\/\/widemexinternational.com\/wp-content\/uploads\/2021\/03\/NIEUWS-ART-3aCarton-Box__2021_WIDEX_3-4av-600x399.jpg 600w, https:\/\/widemexinternational.com\/wp-content\/uploads\/2021\/03\/NIEUWS-ART-3aCarton-Box__2021_WIDEX_3-4av.jpg 640w\" sizes=\"(max-width: 200px) 100vw, 200px\" \/><\/a><\/li><\/ul><\/div><div class=\"recent-posts-content\"><span class=\"vcard\" style=\"display: none;\"><span class=\"fn\"><a href=\"https:\/\/widemexinternational.com\/fr\/author\/admin\/\" title=\"Articles par admin\" rel=\"author\">admin<\/a><\/span><\/span><span class=\"updated\" style=\"display:none;\">2021-10-31T08:52:13+01:00<\/span><h4 class=\"entry-title\"><a href=\"https:\/\/widemexinternational.com\/fr\/des-emballages-durables-en-carton\/\">Des emballages durables en carton<\/a><\/h4><p class=\"meta\">By <span class=\"vcard\"><span class=\"fn\"><a href=\"https:\/\/widemexinternational.com\/fr\/author\/admin\/\" title=\"Articles par admin\" rel=\"author\">admin<\/a><\/span><\/span><span class=\"fusion-inline-sep\">|<\/span><span class=\"updated\" style=\"display:none;\">2021-10-31T08:52:13+01:00<\/span><span>juin 12th, 2021<\/span><span class=\"fusion-inline-sep\">|<\/span>Categories: <a href=\"https:\/\/widemexinternational.com\/fr\/category\/actualites\/\" rel=\"category tag\">Actualit\u00e9s<\/a><span class=\"fusion-inline-sep\">|<\/span><\/p><p>Dans le cadre de notre objectif de durabilit\u00e9, nous avons lanc\u00e9 une gamme d\u2019emballages enti\u00e8rement en carton pour nos produits. Cette solution r\u00e9sistante garantit une pr\u00e9sentation de vente attrayante.<\/p><\/div><\/article><article class=\"post fusion-column column col col-lg-12 col-md-12 col-sm-12\"><div class=\"fusion-flexslider fusion-flexslider-loading flexslider floated-slideshow flexslider-hover-type-liftup\"><ul class=\"slides\"><li><a href=\"https:\/\/widemexinternational.com\/fr\/carl-le-tendeur-de-corde-innovant\/\" aria-label=\"Carl\u00ae, le tendeur de corde innovant\" class=\"hover-type-liftup\"><img decoding=\"async\" width=\"200\" height=\"133\" src=\"https:\/\/widemexinternational.com\/wp-content\/uploads\/2020\/10\/NIEUWSART-1-rendu_Clip-CARL_seul-debout_Rotation-200x133.jpg\" class=\"attachment-fusion-200 size-fusion-200\" alt=\"\" srcset=\"https:\/\/widemexinternational.com\/wp-content\/uploads\/2020\/10\/NIEUWSART-1-rendu_Clip-CARL_seul-debout_Rotation-200x133.jpg 200w, https:\/\/widemexinternational.com\/wp-content\/uploads\/2020\/10\/NIEUWSART-1-rendu_Clip-CARL_seul-debout_Rotation-300x200.jpg 300w, https:\/\/widemexinternational.com\/wp-content\/uploads\/2020\/10\/NIEUWSART-1-rendu_Clip-CARL_seul-debout_Rotation-400x266.jpg 400w, https:\/\/widemexinternational.com\/wp-content\/uploads\/2020\/10\/NIEUWSART-1-rendu_Clip-CARL_seul-debout_Rotation-500x333.jpg 500w, https:\/\/widemexinternational.com\/wp-content\/uploads\/2020\/10\/NIEUWSART-1-rendu_Clip-CARL_seul-debout_Rotation-600x399.jpg 600w, https:\/\/widemexinternational.com\/wp-content\/uploads\/2020\/10\/NIEUWSART-1-rendu_Clip-CARL_seul-debout_Rotation.jpg 640w\" sizes=\"(max-width: 200px) 100vw, 200px\" \/><\/a><\/li><\/ul><\/div><div class=\"recent-posts-content\"><span class=\"vcard\" style=\"display: none;\"><span class=\"fn\"><a href=\"https:\/\/widemexinternational.com\/fr\/author\/admin\/\" title=\"Articles par admin\" rel=\"author\">admin<\/a><\/span><\/span><span class=\"updated\" style=\"display:none;\">2021-10-31T09:28:54+01:00<\/span><h4 class=\"entry-title\"><a href=\"https:\/\/widemexinternational.com\/fr\/carl-le-tendeur-de-corde-innovant\/\">Carl\u00ae, le tendeur de corde innovant<\/a><\/h4><p class=\"meta\">By <span class=\"vcard\"><span class=\"fn\"><a href=\"https:\/\/widemexinternational.com\/fr\/author\/admin\/\" title=\"Articles par admin\" rel=\"author\">admin<\/a><\/span><\/span><span class=\"fusion-inline-sep\">|<\/span><span class=\"updated\" style=\"display:none;\">2021-10-31T09:28:54+01:00<\/span><span>juin 12th, 2021<\/span><span class=\"fusion-inline-sep\">|<\/span>Categories: <a href=\"https:\/\/widemexinternational.com\/fr\/category\/actualites\/\" rel=\"category tag\">Actualit\u00e9s<\/a><span class=\"fusion-inline-sep\">|<\/span><\/p><p>En 2020, nous avons d\u00e9velopp\u00e9 un nouveau tendeur de corde innovant, baptis\u00e9 Carl\u00ae. Installer une housse de table \u00e0 repasser est souvent consid\u00e9r\u00e9 comme une t\u00e2che difficile. Gr\u00e2ce \u00e0 notre [...]<\/p><\/div><\/article><\/section><\/div><\/div><\/div><\/div><\/div><div class=\"fusion-fullwidth fullwidth-box fusion-builder-row-2 fusion-flex-container nonhundred-percent-fullwidth non-hundred-percent-height-scrolling\" style=\"--awb-border-radius-top-left:0px;--awb-border-radius-top-right:0px;--awb-border-radius-bottom-right:0px;--awb-border-radius-bottom-left:0px;--awb-flex-wrap:wrap;\" ><div class=\"fusion-builder-row fusion-row fusion-flex-align-items-flex-start fusion-flex-content-wrap\" style=\"max-width:1216.8px;margin-left: calc(-4% \/ 2 );margin-right: calc(-4% \/ 2 );\"><div class=\"fusion-layout-column fusion_builder_column fusion-builder-column-2 fusion_builder_column_1_1 1_1 fusion-flex-column\" style=\"--awb-bg-size:cover;--awb-width-large:100%;--awb-margin-top-large:0px;--awb-spacing-right-large:1.92%;--awb-margin-bottom-large:20px;--awb-spacing-left-large:1.92%;--awb-width-medium:100%;--awb-order-medium:0;--awb-spacing-right-medium:1.92%;--awb-spacing-left-medium:1.92%;--awb-width-small:100%;--awb-order-small:0;--awb-spacing-right-small:1.92%;--awb-spacing-left-small:1.92%;\"><div class=\"fusion-column-wrapper fusion-column-has-shadow fusion-flex-justify-content-flex-start fusion-content-layout-column\"><div class=\"fusion-separator fusion-full-width-sep\" style=\"align-self: center;margin-left: auto;margin-right: auto;margin-top:35px;margin-bottom:35px;width:100%;\"><\/div><\/div><\/div><\/div><\/div><\/p>\n","protected":false},"excerpt":{"rendered":"","protected":false},"author":1,"featured_media":0,"parent":0,"menu_order":0,"comment_status":"closed","ping_status":"closed","template":"100-width.php","meta":{"footnotes":""},"class_list":["post-5724","page","type-page","status-publish","hentry"],"_links":{"self":[{"href":"https:\/\/widemexinternational.com\/fr\/wp-json\/wp\/v2\/pages\/5724","targetHints":{"allow":["GET"]}}],"collection":[{"href":"https:\/\/widemexinternational.com\/fr\/wp-json\/wp\/v2\/pages"}],"about":[{"href":"https:\/\/widemexinternational.com\/fr\/wp-json\/wp\/v2\/types\/page"}],"author":[{"embeddable":true,"href":"https:\/\/widemexinternational.com\/fr\/wp-json\/wp\/v2\/users\/1"}],"replies":[{"embeddable":true,"href":"https:\/\/widemexinternational.com\/fr\/wp-json\/wp\/v2\/comments?post=5724"}],"version-history":[{"count":73,"href":"https:\/\/widemexinternational.com\/fr\/wp-json\/wp\/v2\/pages\/5724\/revisions"}],"predecessor-version":[{"id":10121,"href":"https:\/\/widemexinternational.com\/fr\/wp-json\/wp\/v2\/pages\/5724\/revisions\/10121"}],"wp:attachment":[{"href":"https:\/\/widemexinternational.com\/fr\/wp-json\/wp\/v2\/media?parent=5724"}],"curies":[{"name":"wp","href":"https:\/\/api.w.org\/{rel}","templated":true}]}}