{"id":9329,"date":"2021-06-14T18:53:18","date_gmt":"2021-06-14T16:53:18","guid":{"rendered":"https:\/\/widemexinternational.com\/o-nas\/"},"modified":"2021-06-14T21:58:20","modified_gmt":"2021-06-14T19:58:20","slug":"o-nas","status":"publish","type":"page","link":"https:\/\/widemexinternational.com\/pl\/o-nas\/","title":{"rendered":"O nas"},"content":{"rendered":"<p><div class=\"fusion-fullwidth fullwidth-box fusion-builder-row-1 fusion-flex-container nonhundred-percent-fullwidth non-hundred-percent-height-scrolling\" style=\"--awb-background-position:left top;--awb-border-sizes-top:0px;--awb-border-sizes-bottom:0px;--awb-border-sizes-left:0px;--awb-border-sizes-right:0px;--awb-border-radius-top-left:0px;--awb-border-radius-top-right:0px;--awb-border-radius-bottom-right:0px;--awb-border-radius-bottom-left:0px;--awb-padding-top:0px;--awb-padding-bottom:0px;--awb-padding-bottom-medium:60px;--awb-padding-bottom-small:60px;--awb-flex-wrap:wrap;\" ><div class=\"fusion-builder-row fusion-row fusion-flex-align-items-flex-start fusion-flex-content-wrap\" style=\"max-width:1216.8px;margin-left: calc(-4% \/ 2 );margin-right: calc(-4% \/ 2 );\"><div class=\"fusion-layout-column fusion_builder_column fusion-builder-column-0 fusion_builder_column_1_6 1_6 fusion-flex-column\" style=\"--awb-bg-size:cover;--awb-width-large:16.666666666667%;--awb-margin-top-large:0px;--awb-spacing-right-large:11.52%;--awb-margin-bottom-large:20px;--awb-spacing-left-large:11.52%;--awb-width-medium:100%;--awb-order-medium:0;--awb-spacing-right-medium:1.92%;--awb-spacing-left-medium:1.92%;--awb-width-small:100%;--awb-order-small:0;--awb-spacing-right-small:1.92%;--awb-spacing-left-small:1.92%;\"><div class=\"fusion-column-wrapper fusion-column-has-shadow fusion-flex-justify-content-flex-start fusion-content-layout-column\"><\/div><\/div><div class=\"fusion-layout-column fusion_builder_column fusion-builder-column-1 fusion_builder_column_2_3 2_3 fusion-flex-column\" style=\"--awb-bg-size:cover;--awb-width-large:66.666666666667%;--awb-margin-top-large:0px;--awb-spacing-right-large:2.88%;--awb-margin-bottom-large:20px;--awb-spacing-left-large:2.88%;--awb-width-medium:100%;--awb-spacing-right-medium:1.92%;--awb-spacing-left-medium:1.92%;--awb-width-small:100%;--awb-spacing-right-small:1.92%;--awb-spacing-left-small:1.92%;\"><div class=\"fusion-column-wrapper fusion-flex-justify-content-flex-start fusion-content-layout-column\"><div class=\"fusion-title title fusion-title-1 fusion-title-center fusion-title-text fusion-title-size-four\" style=\"--awb-font-size:33px;\"><div class=\"title-sep-container title-sep-container-left\"><div class=\"title-sep sep- sep-solid\" style=\"border-color:#e0dede;\"><\/div><\/div><span class=\"awb-title-spacer\"><\/span><h4 class=\"fusion-title-heading title-heading-center fusion-responsive-typography-calculated\" style=\"margin:0;font-size:1em;--fontSize:33;line-height:1.52;\">O nas<\/h4><span class=\"awb-title-spacer\"><\/span><div class=\"title-sep-container title-sep-container-right\"><div class=\"title-sep sep- sep-solid\" style=\"border-color:#e0dede;\"><\/div><\/div><\/div><\/div><\/div><div class=\"fusion-layout-column fusion_builder_column fusion-builder-column-2 fusion_builder_column_1_6 1_6 fusion-flex-column\" style=\"--awb-bg-size:cover;--awb-width-large:16.666666666667%;--awb-margin-top-large:0px;--awb-spacing-right-large:11.52%;--awb-margin-bottom-large:20px;--awb-spacing-left-large:11.52%;--awb-width-medium:100%;--awb-order-medium:0;--awb-spacing-right-medium:1.92%;--awb-spacing-left-medium:1.92%;--awb-width-small:100%;--awb-order-small:0;--awb-spacing-right-small:1.92%;--awb-spacing-left-small:1.92%;\"><div class=\"fusion-column-wrapper fusion-column-has-shadow fusion-flex-justify-content-flex-start fusion-content-layout-column\"><\/div><\/div><div class=\"fusion-layout-column fusion_builder_column fusion-builder-column-3 fusion_builder_column_1_5 1_5 fusion-flex-column\" style=\"--awb-bg-size:cover;--awb-width-large:20%;--awb-margin-top-large:0px;--awb-spacing-right-large:9.6%;--awb-margin-bottom-large:20px;--awb-spacing-left-large:9.6%;--awb-width-medium:100%;--awb-order-medium:0;--awb-spacing-right-medium:1.92%;--awb-spacing-left-medium:1.92%;--awb-width-small:100%;--awb-order-small:0;--awb-spacing-right-small:1.92%;--awb-spacing-left-small:1.92%;\"><div class=\"fusion-column-wrapper fusion-column-has-shadow fusion-flex-justify-content-flex-start fusion-content-layout-column\"><div class=\"fusion-widget-area awb-widget-area-element fusion-widget-area-1 fusion-content-widget-area\" style=\"--awb-title-size:30px;--awb-title-color:#333333;--awb-padding:0px 0px 0px 0px;\"><section id=\"nav_menu-3\" class=\"fusion-slidingbar-widget-column widget widget_nav_menu\" style=\"border-width: 1px;border-style: solid;border-color:transparent;\"><h4 class=\"widget-title\">Firma<\/h4><div class=\"menu-bedrijf-menu-pools-container\"><ul id=\"menu-bedrijf-menu-pools\" class=\"menu\"><li id=\"menu-item-9473\" class=\"menu-item menu-item-type-post_type menu-item-object-page menu-item-9473\"><a href=\"https:\/\/widemexinternational.com\/pl\/o-nas\/\">O nas<\/a><\/li>\n<li id=\"menu-item-9474\" class=\"menu-item menu-item-type-post_type menu-item-object-page menu-item-9474\"><a href=\"https:\/\/widemexinternational.com\/pl\/nasz-zespol\/\">Nasz zesp\u00f3\u0142<\/a><\/li>\n<li id=\"menu-item-9475\" class=\"menu-item menu-item-type-post_type menu-item-object-page menu-item-9475\"><a href=\"https:\/\/widemexinternational.com\/pl\/certyfikaty\/\">Certyfikaty<\/a><\/li>\n<li id=\"menu-item-9476\" class=\"menu-item menu-item-type-post_type menu-item-object-page menu-item-9476\"><a href=\"https:\/\/widemexinternational.com\/pl\/srodowisko\/\">\u015arodowisko<\/a><\/li>\n<li id=\"menu-item-9477\" class=\"menu-item menu-item-type-post_type menu-item-object-page menu-item-9477\"><a href=\"https:\/\/widemexinternational.com\/pl\/kariera\/\">Kariera<\/a><\/li>\n<\/ul><\/div><div style=\"clear:both;\"><\/div><\/section><div class=\"fusion-additional-widget-content\"><\/div><\/div><\/div><\/div><div class=\"fusion-layout-column fusion_builder_column fusion-builder-column-4 fusion_builder_column_4_5 4_5 fusion-flex-column\" style=\"--awb-bg-size:cover;--awb-width-large:80%;--awb-margin-top-large:0px;--awb-spacing-right-large:2.4%;--awb-margin-bottom-large:20px;--awb-spacing-left-large:2.4%;--awb-width-medium:100%;--awb-spacing-right-medium:1.92%;--awb-spacing-left-medium:1.92%;--awb-width-small:100%;--awb-spacing-right-small:1.92%;--awb-spacing-left-small:1.92%;\"><div class=\"fusion-column-wrapper fusion-flex-justify-content-flex-start fusion-content-layout-column\"><div class=\"fusion-text fusion-text-1\" style=\"--awb-content-alignment:center;\"><p style=\"text-align: left;\"><img decoding=\"async\" class=\"size-full wp-image-4911 alignleft\" src=\"https:\/\/widemexinternational.com\/wp-content\/uploads\/2020\/10\/widemex-5_EAN7660.jpg\" alt=\"\" width=\"500\" height=\"500\" srcset=\"https:\/\/widemexinternational.com\/wp-content\/uploads\/2020\/10\/widemex-5_EAN7660-66x66.jpg 66w, https:\/\/widemexinternational.com\/wp-content\/uploads\/2020\/10\/widemex-5_EAN7660-100x100.jpg 100w, https:\/\/widemexinternational.com\/wp-content\/uploads\/2020\/10\/widemex-5_EAN7660-150x150.jpg 150w, https:\/\/widemexinternational.com\/wp-content\/uploads\/2020\/10\/widemex-5_EAN7660-200x200.jpg 200w, https:\/\/widemexinternational.com\/wp-content\/uploads\/2020\/10\/widemex-5_EAN7660-300x300.jpg 300w, https:\/\/widemexinternational.com\/wp-content\/uploads\/2020\/10\/widemex-5_EAN7660-400x400.jpg 400w, https:\/\/widemexinternational.com\/wp-content\/uploads\/2020\/10\/widemex-5_EAN7660.jpg 500w\" sizes=\"(max-width: 500px) 100vw, 500px\" \/><\/p>\n<p style=\"text-align: left;\">Widemex International to europejski producent i dystrybutor desek do prasowania i pokrowc\u00f3w na potrzeby segmentu marek w\u0142asnych. Koncentrujemy si\u0119 na jako\u015bci i innowacjach, aby opracowywa\u0107 wysokiej jako\u015bci produkty do prasowania.\n<\/p>\n<p style=\"text-align: left;\">W naszym asortymencie posiadamy kilka innowacyjnych, opatentowanych produkt\u00f3w, kt\u00f3re opracowujemy w oparciu o najwy\u017csze standardy jako\u015bci.<\/p>\n<p style=\"text-align: left;\">Nasze produkty do prasowania s\u0105 dostarczane bezpo\u015brednio do oko\u0142o 35\u00a0kraj\u00f3w, sk\u0105d nast\u0119pnie trafiaj\u0105 do innych zak\u0105tk\u00f3w \u015bwiata.\n<\/p>\n<p style=\"text-align: left;\"><strong>Historia<\/strong><\/p>\n<p style=\"text-align: left;\">Firma Widemex zosta\u0142a za\u0142o\u017cona w 1954\u00a0roku przez pana Wientjesa w Amsterdamie. Nazwa naszego przedsi\u0119biorstwa jest skr\u00f3tem nazwy \u201eWientjes Demonstratie en Export\u201d. Wientjes sprzeda\u0142 firm\u0119 Widemex w 1970\u00a0roku rodzinie Nijhuis, kt\u00f3ra przenios\u0142a firm\u0119 do Geldrop. W 2000\u00a0roku firma Widemex zosta\u0142a z kolei przej\u0119ta przez Martijna i Kati\u0119 van der Maas, kt\u00f3rzy stawiaj\u0105 na innowacyjno\u015b\u0107 i najwy\u017csz\u0105 jako\u015b\u0107. Opatentowali innowacyjne produkty, takie jak pokrowce Turbo &#038; Parking, Active oraz Airpro. Dodatkowo wprowadzili szerok\u0105 gam\u0119 desek do prasowania.\n<\/p>\n<p style=\"text-align: left;\">W 2005\u00a0roku firma przenios\u0142a si\u0119 do Helmond. W 2012 i 2017\u00a0roku firma Widemex otworzy\u0142a oddzia\u0142y w Polsce zajmuj\u0105ce si\u0119 konfekcjonowaniem pokrowc\u00f3w na deski do prasowania oraz obs\u0142ug\u0105 magazynow\u0105 na potrzeby Europy Wschodniej. Od 2015\u00a0roku poczyniono du\u017ce inwestycje w park maszynowy w celu dodatkowej stymulacji rozwoju przedsi\u0119biorstwa.\n<\/p>\n<p style=\"text-align: left;\">Firma Widemex w coraz wi\u0119kszym stopniu pe\u0142ni rol\u0119 \u015bwiatowego lidera na polu produkt\u00f3w do prasowania. Obecnie jeste\u015bmy dostawc\u0105 marek w\u0142asnych na potrzeby wielu czo\u0142owych firm w Europie.<\/p>\n<\/div><\/div><\/div><\/div><\/div><div class=\"fusion-fullwidth fullwidth-box fusion-builder-row-2 fusion-flex-container hundred-percent-fullwidth non-hundred-percent-height-scrolling\" style=\"--awb-background-position:left top;--awb-border-sizes-top:0px;--awb-border-sizes-bottom:0px;--awb-border-sizes-left:0px;--awb-border-sizes-right:0px;--awb-border-radius-top-left:0px;--awb-border-radius-top-right:0px;--awb-border-radius-bottom-right:0px;--awb-border-radius-bottom-left:0px;--awb-padding-top:0px;--awb-padding-right:0px;--awb-padding-bottom:0px;--awb-padding-left:0px;--awb-flex-wrap:wrap;\" ><div class=\"fusion-builder-row fusion-row fusion-flex-align-items-stretch fusion-flex-content-wrap\" style=\"width:calc( 100% + 0px ) !important;max-width:calc( 100% + 0px ) !important;margin-left: calc(-0px \/ 2 );margin-right: calc(-0px \/ 2 );\"><div class=\"fusion-layout-column fusion_builder_column fusion-builder-column-5 fusion_builder_column_1_2 1_2 fusion-flex-column fusion-column-inner-bg-wrapper\" style=\"--awb-inner-bg-image:url(&#039;https:\/\/widemexinternational.com\/wp-content\/uploads\/2020\/10\/Widemex-700px_EAN7705.jpg&#039;);--awb-inner-bg-position:center center;--awb-inner-bg-size:cover;--awb-width-large:50%;--awb-margin-top-large:0px;--awb-spacing-right-large:0px;--awb-margin-bottom-large:0px;--awb-spacing-left-large:0px;--awb-width-medium:100%;--awb-order-medium:0;--awb-spacing-right-medium:0px;--awb-spacing-left-medium:0px;--awb-width-small:100%;--awb-order-small:0;--awb-spacing-right-small:0px;--awb-spacing-left-small:0px;\"><span class=\"fusion-column-inner-bg hover-type-zoomin\"><a class=\"fusion-column-anchor\" href=\"https:\/\/widemexinternational.com\/pl\/kontakt\/\"><span class=\"fusion-column-inner-bg-image\"><\/span><\/a><\/span><div class=\"fusion-column-wrapper fusion-column-has-shadow fusion-flex-justify-content-flex-start fusion-content-layout-column fusion-empty-column-bg-image fusion-column-has-bg-image\" data-bg-url=\"https:\/\/widemexinternational.com\/wp-content\/uploads\/2020\/10\/Widemex-700px_EAN7705.jpg\"><img decoding=\"async\" class=\"fusion-empty-dims-img-placeholder fusion-no-large-visibility\" aria-label=\"Widemex-700px_EAN7705\" src=\"data:image\/svg+xml,%3Csvg%20xmlns%3D%27http%3A%2F%2Fwww.w3.org%2F2000%2Fsvg%27%20width%3D%27700%27%20height%3D%27467%27%20viewBox%3D%270%200%20700%20467%27%3E%3Crect%20width%3D%27700%27%20height%3D%27467%27%20fill-opacity%3D%220%22%2F%3E%3C%2Fsvg%3E\"><\/div><\/div><div class=\"fusion-layout-column fusion_builder_column fusion-builder-column-6 fusion_builder_column_1_2 1_2 fusion-flex-column\" style=\"--awb-padding-top:13%;--awb-padding-right:13%;--awb-padding-bottom:13%;--awb-padding-left:13%;--awb-padding-top-medium:80px;--awb-padding-right-medium:60px;--awb-padding-bottom-medium:80px;--awb-padding-left-medium:60px;--awb-padding-right-small:40px;--awb-padding-bottom-small:60px;--awb-padding-left-small:40px;--awb-bg-color:#f0f0f0;--awb-bg-color-hover:#f0f0f0;--awb-bg-size:cover;--awb-width-large:50%;--awb-margin-top-large:0px;--awb-spacing-right-large:0px;--awb-margin-bottom-large:0px;--awb-spacing-left-large:0px;--awb-width-medium:100%;--awb-spacing-right-medium:0px;--awb-spacing-left-medium:0px;--awb-width-small:100%;--awb-spacing-right-small:0px;--awb-spacing-left-small:0px;\"><div class=\"fusion-column-wrapper fusion-flex-justify-content-center fusion-content-layout-column\"><div class=\"fusion-separator fusion-full-width-sep\" style=\"align-self: center;margin-left: auto;margin-right: auto;margin-top:35px;margin-bottom:35px;width:100%;\"><\/div><div class=\"fusion-title title fusion-title-2 fusion-title-center fusion-title-text fusion-title-size-two\"><div class=\"title-sep-container title-sep-container-left\"><div class=\"title-sep sep- sep-solid\" style=\"border-color:#e0dede;\"><\/div><\/div><span class=\"awb-title-spacer\"><\/span><h2 class=\"fusion-title-heading title-heading-center fusion-responsive-typography-calculated\" style=\"margin:0;--fontSize:26;line-height:1.69;\">S\u0104 PA\u0143STWO ZAINTERESOWANI?<\/h2><span class=\"awb-title-spacer\"><\/span><div class=\"title-sep-container title-sep-container-right\"><div class=\"title-sep sep- sep-solid\" style=\"border-color:#e0dede;\"><\/div><\/div><\/div><div class=\"fusion-separator\" style=\"align-self: center;margin-left: auto;margin-right: auto;margin-top:5px;margin-bottom:30px;width:100%;max-width:30px;\"><div class=\"fusion-separator-border sep-single sep-solid\" style=\"--awb-height:20px;--awb-amount:20px;--awb-sep-color:#999999;border-color:#999999;border-top-width:1px;\"><\/div><\/div><div class=\"fusion-text fusion-text-2\" style=\"--awb-content-alignment:center;\"><p>Zach\u0119camy do kontaktu telefonicznego lub mailowego. Ch\u0119tnie s\u0142u\u017cymy pomoc\u0105!<\/p>\n<\/div><div class=\"fusion-separator fusion-full-width-sep\" style=\"align-self: center;margin-left: auto;margin-right: auto;margin-top:35px;margin-bottom:35px;width:100%;\"><\/div><\/div><\/div><\/div><\/div><div class=\"fusion-fullwidth fullwidth-box fusion-builder-row-3 fusion-flex-container hundred-percent-fullwidth non-hundred-percent-height-scrolling\" style=\"--link_hover_color: #ffffff;--link_color: #78bca1;--awb-background-position:left top;--awb-border-sizes-top:0px;--awb-border-sizes-bottom:0px;--awb-border-sizes-left:0px;--awb-border-sizes-right:0px;--awb-border-radius-top-left:0px;--awb-border-radius-top-right:0px;--awb-border-radius-bottom-right:0px;--awb-border-radius-bottom-left:0px;--awb-padding-top:0px;--awb-padding-right:0px;--awb-padding-bottom:0px;--awb-padding-left:0px;--awb-margin-top:20px;--awb-margin-bottom:20px;--awb-flex-wrap:wrap;\" ><div class=\"fusion-builder-row fusion-row fusion-flex-align-items-stretch fusion-flex-content-wrap\" style=\"width:calc( 100% + 0px ) !important;max-width:calc( 100% + 0px ) !important;margin-left: calc(-0px \/ 2 );margin-right: calc(-0px \/ 2 );\"><div class=\"fusion-layout-column fusion_builder_column fusion-builder-column-7 fusion_builder_column_1_1 1_1 fusion-flex-column\" style=\"--awb-bg-size:cover;--awb-width-large:100%;--awb-margin-top-large:0px;--awb-spacing-right-large:0px;--awb-margin-bottom-large:20px;--awb-spacing-left-large:0px;--awb-width-medium:100%;--awb-order-medium:0;--awb-spacing-right-medium:0px;--awb-spacing-left-medium:0px;--awb-width-small:100%;--awb-order-small:0;--awb-spacing-right-small:0px;--awb-spacing-left-small:0px;\"><div class=\"fusion-column-wrapper fusion-column-has-shadow fusion-flex-justify-content-flex-start fusion-content-layout-column\"><div class=\"fusion-separator fusion-full-width-sep\" style=\"align-self: center;margin-left: auto;margin-right: auto;margin-top:35px;margin-bottom:35px;width:100%;\"><\/div><\/div><\/div><\/div><\/div><\/p>\n","protected":false},"excerpt":{"rendered":"","protected":false},"author":1,"featured_media":0,"parent":0,"menu_order":0,"comment_status":"open","ping_status":"open","template":"100-width.php","meta":{"footnotes":""},"class_list":["post-9329","page","type-page","status-publish","hentry"],"_links":{"self":[{"href":"https:\/\/widemexinternational.com\/pl\/wp-json\/wp\/v2\/pages\/9329","targetHints":{"allow":["GET"]}}],"collection":[{"href":"https:\/\/widemexinternational.com\/pl\/wp-json\/wp\/v2\/pages"}],"about":[{"href":"https:\/\/widemexinternational.com\/pl\/wp-json\/wp\/v2\/types\/page"}],"author":[{"embeddable":true,"href":"https:\/\/widemexinternational.com\/pl\/wp-json\/wp\/v2\/users\/1"}],"replies":[{"embeddable":true,"href":"https:\/\/widemexinternational.com\/pl\/wp-json\/wp\/v2\/comments?post=9329"}],"version-history":[{"count":6,"href":"https:\/\/widemexinternational.com\/pl\/wp-json\/wp\/v2\/pages\/9329\/revisions"}],"predecessor-version":[{"id":9495,"href":"https:\/\/widemexinternational.com\/pl\/wp-json\/wp\/v2\/pages\/9329\/revisions\/9495"}],"wp:attachment":[{"href":"https:\/\/widemexinternational.com\/pl\/wp-json\/wp\/v2\/media?parent=9329"}],"curies":[{"name":"wp","href":"https:\/\/api.w.org\/{rel}","templated":true}]}}