{"id":9396,"date":"2021-06-14T19:47:49","date_gmt":"2021-06-14T17:47:49","guid":{"rendered":"https:\/\/widemexinternational.com\/aktualnosci\/"},"modified":"2021-10-31T09:23:25","modified_gmt":"2021-10-31T08:23:25","slug":"aktualnosci","status":"publish","type":"page","link":"https:\/\/widemexinternational.com\/pl\/aktualnosci\/","title":{"rendered":"Aktualno\u015bci"},"content":{"rendered":"<p><div class=\"fusion-fullwidth fullwidth-box fusion-builder-row-1 fusion-flex-container nonhundred-percent-fullwidth non-hundred-percent-height-scrolling\" style=\"--awb-background-position:left top;--awb-border-sizes-top:0px;--awb-border-sizes-bottom:0px;--awb-border-sizes-left:0px;--awb-border-sizes-right:0px;--awb-border-radius-top-left:0px;--awb-border-radius-top-right:0px;--awb-border-radius-bottom-right:0px;--awb-border-radius-bottom-left:0px;--awb-padding-top:100px;--awb-padding-bottom:0px;--awb-padding-top-medium:80px;--awb-padding-top-small:60px;--awb-flex-wrap:wrap;\" ><div class=\"fusion-builder-row fusion-row fusion-flex-align-items-flex-start fusion-flex-content-wrap\" style=\"max-width:1216.8px;margin-left: calc(-4% \/ 2 );margin-right: calc(-4% \/ 2 );\"><div class=\"fusion-layout-column fusion_builder_column fusion-builder-column-0 fusion_builder_column_1_2 1_2 fusion-flex-column\" style=\"--awb-bg-size:cover;--awb-width-large:50%;--awb-margin-top-large:0px;--awb-spacing-right-large:3.84%;--awb-margin-bottom-large:0px;--awb-spacing-left-large:3.84%;--awb-width-medium:100%;--awb-spacing-right-medium:1.92%;--awb-spacing-left-medium:1.92%;--awb-width-small:100%;--awb-spacing-right-small:1.92%;--awb-spacing-left-small:1.92%;\"><div class=\"fusion-column-wrapper fusion-flex-justify-content-flex-start fusion-content-layout-column\"><div class=\"fusion-recent-posts fusion-recent-posts-1 avada-container layout-default layout-columns-1\"><section class=\"fusion-columns columns fusion-columns-1 columns-1\"><article class=\"post fusion-column column col col-lg-12 col-md-12 col-sm-12\"><div class=\"fusion-flexslider fusion-flexslider-loading flexslider flexslider-hover-type-liftup\"><ul class=\"slides\"><li><a href=\"https:\/\/widemexinternational.com\/pl\/widemex-ontvangt-gio-erkenning-met-de-carl-cord-winder\/\" aria-label=\"Widemex ontvangt GIO Erkenning met de Carl\u00ae Cord Winder\" class=\"hover-type-liftup\"><img decoding=\"async\" width=\"640\" height=\"426\" src=\"https:\/\/widemexinternational.com\/wp-content\/uploads\/2020\/10\/NIEUWSART-1-rendu_Clip-CARL_seul-debout_RotationAWART.jpg\" class=\"attachment-recent-posts size-recent-posts\" alt=\"\" srcset=\"https:\/\/widemexinternational.com\/wp-content\/uploads\/2020\/10\/NIEUWSART-1-rendu_Clip-CARL_seul-debout_RotationAWART-200x133.jpg 200w, https:\/\/widemexinternational.com\/wp-content\/uploads\/2020\/10\/NIEUWSART-1-rendu_Clip-CARL_seul-debout_RotationAWART-300x200.jpg 300w, https:\/\/widemexinternational.com\/wp-content\/uploads\/2020\/10\/NIEUWSART-1-rendu_Clip-CARL_seul-debout_RotationAWART-400x266.jpg 400w, https:\/\/widemexinternational.com\/wp-content\/uploads\/2020\/10\/NIEUWSART-1-rendu_Clip-CARL_seul-debout_RotationAWART-500x333.jpg 500w, https:\/\/widemexinternational.com\/wp-content\/uploads\/2020\/10\/NIEUWSART-1-rendu_Clip-CARL_seul-debout_RotationAWART-600x399.jpg 600w, https:\/\/widemexinternational.com\/wp-content\/uploads\/2020\/10\/NIEUWSART-1-rendu_Clip-CARL_seul-debout_RotationAWART.jpg 640w\" sizes=\"(max-width: 640px) 100vw, 640px\" \/><\/a><\/li><\/ul><\/div><div class=\"recent-posts-content\"><span class=\"vcard\" style=\"display: none;\"><span class=\"fn\"><a href=\"https:\/\/widemexinternational.com\/pl\/author\/admin\/\" title=\"Wpisy od admin\" rel=\"author\">admin<\/a><\/span><\/span><span class=\"updated\" style=\"display:none;\">2021-10-31T09:19:51+01:00<\/span><h4 class=\"entry-title\"><a href=\"https:\/\/widemexinternational.com\/pl\/widemex-ontvangt-gio-erkenning-met-de-carl-cord-winder\/\">Widemex ontvangt GIO Erkenning met de Carl\u00ae Cord Winder<\/a><\/h4><p class=\"meta\">By <span class=\"vcard\"><span class=\"fn\"><a href=\"https:\/\/widemexinternational.com\/pl\/author\/admin\/\" title=\"Wpisy od admin\" rel=\"author\">admin<\/a><\/span><\/span><span class=\"fusion-inline-sep\">|<\/span><span class=\"updated\" style=\"display:none;\">2021-10-31T09:19:51+01:00<\/span><span>31 pa\u017adziernika, 2021<\/span><span class=\"fusion-inline-sep\">|<\/span>Categories: <a href=\"https:\/\/widemexinternational.com\/pl\/category\/najnowsze-wiadomosci\/\" rel=\"category tag\">Najnowsze wiadomo\u015bci<\/a><span class=\"fusion-inline-sep\">|<\/span><\/p><p>Op 20 oktober 2021 vond de uitreiking van de GIO (Goed Industrieel Ontwerp) 2021 plaats in het Klokgebouw in Eindhoven. Een GIO Erkenning is een nationaal kwaliteitskeurmerk voor goed vakmanschap.\u00a0De [...]<\/p><\/div><\/article><\/section><\/div><\/div><\/div><div class=\"fusion-layout-column fusion_builder_column fusion-builder-column-1 fusion_builder_column_1_2 1_2 fusion-flex-column\" style=\"--awb-bg-size:cover;--awb-width-large:50%;--awb-margin-top-large:0px;--awb-spacing-right-large:3.84%;--awb-margin-bottom-large:0px;--awb-spacing-left-large:3.84%;--awb-width-medium:100%;--awb-spacing-right-medium:1.92%;--awb-spacing-left-medium:1.92%;--awb-width-small:100%;--awb-spacing-right-small:1.92%;--awb-spacing-left-small:1.92%;\"><div class=\"fusion-column-wrapper fusion-flex-justify-content-flex-start fusion-content-layout-column\"><div class=\"fusion-recent-posts fusion-recent-posts-2 avada-container layout-thumbnails-on-side layout-columns-1\"><section class=\"fusion-columns columns fusion-columns-1 columns-1\"><article class=\"post fusion-column column col col-lg-12 col-md-12 col-sm-12\"><div class=\"fusion-flexslider fusion-flexslider-loading flexslider floated-slideshow flexslider-hover-type-liftup\"><ul class=\"slides\"><li><a href=\"https:\/\/widemexinternational.com\/pl\/linki-na-pranie-wedlug-norm-reach\/\" aria-label=\"Linki na pranie wed\u0142ug norm REACH\" class=\"hover-type-liftup\"><img decoding=\"async\" width=\"200\" height=\"133\" src=\"https:\/\/widemexinternational.com\/wp-content\/uploads\/2021\/03\/NIEUWS-ART-2-WIDEX_WashingLine_Blue_600px-200x133.jpg\" class=\"attachment-fusion-200 size-fusion-200\" alt=\"\" srcset=\"https:\/\/widemexinternational.com\/wp-content\/uploads\/2021\/03\/NIEUWS-ART-2-WIDEX_WashingLine_Blue_600px-200x133.jpg 200w, https:\/\/widemexinternational.com\/wp-content\/uploads\/2021\/03\/NIEUWS-ART-2-WIDEX_WashingLine_Blue_600px-300x200.jpg 300w, https:\/\/widemexinternational.com\/wp-content\/uploads\/2021\/03\/NIEUWS-ART-2-WIDEX_WashingLine_Blue_600px-400x266.jpg 400w, https:\/\/widemexinternational.com\/wp-content\/uploads\/2021\/03\/NIEUWS-ART-2-WIDEX_WashingLine_Blue_600px-500x333.jpg 500w, https:\/\/widemexinternational.com\/wp-content\/uploads\/2021\/03\/NIEUWS-ART-2-WIDEX_WashingLine_Blue_600px-600x399.jpg 600w, https:\/\/widemexinternational.com\/wp-content\/uploads\/2021\/03\/NIEUWS-ART-2-WIDEX_WashingLine_Blue_600px.jpg 640w\" sizes=\"(max-width: 200px) 100vw, 200px\" \/><\/a><\/li><\/ul><\/div><div class=\"recent-posts-content\"><span class=\"vcard\" style=\"display: none;\"><span class=\"fn\"><a href=\"https:\/\/widemexinternational.com\/pl\/author\/admin\/\" title=\"Wpisy od admin\" rel=\"author\">admin<\/a><\/span><\/span><span class=\"updated\" style=\"display:none;\">2021-10-31T08:57:14+01:00<\/span><h4 class=\"entry-title\"><a href=\"https:\/\/widemexinternational.com\/pl\/linki-na-pranie-wedlug-norm-reach\/\">Linki na pranie wed\u0142ug norm REACH<\/a><\/h4><p class=\"meta\">By <span class=\"vcard\"><span class=\"fn\"><a href=\"https:\/\/widemexinternational.com\/pl\/author\/admin\/\" title=\"Wpisy od admin\" rel=\"author\">admin<\/a><\/span><\/span><span class=\"fusion-inline-sep\">|<\/span><span class=\"updated\" style=\"display:none;\">2021-10-31T08:57:14+01:00<\/span><span>14 czerwca, 2021<\/span><span class=\"fusion-inline-sep\">|<\/span>Categories: <a href=\"https:\/\/widemexinternational.com\/pl\/category\/aktualnosci\/\" rel=\"category tag\">Aktualno\u015bci<\/a><span class=\"fusion-inline-sep\">|<\/span><\/p><p> We wsp\u00f3\u0142pracy z zaprzyja\u017anionym producentem w 2020\u00a0roku rozpocz\u0119li\u015bmy produkcj\u0119 linek na pranie, kt\u00f3re spe\u0142niaj\u0105 wymogi europejskiego rozporz\u0105dzenia REACH. Wytwarzamy je w r\u00f3\u017cnych typach i rozmiarach w ca\u0142o\u015bci wed\u0142ug indywidualnych [...]<\/p><\/div><\/article><article class=\"post fusion-column column col col-lg-12 col-md-12 col-sm-12\"><div class=\"fusion-flexslider fusion-flexslider-loading flexslider floated-slideshow flexslider-hover-type-liftup\"><ul class=\"slides\"><li><a href=\"https:\/\/widemexinternational.com\/pl\/zrownowazona-seria-opakowan-tekturowych\/\" aria-label=\"Zr\u00f3wnowa\u017cona seria opakowa\u0144 tekturowych\" class=\"hover-type-liftup\"><img decoding=\"async\" width=\"200\" height=\"133\" src=\"https:\/\/widemexinternational.com\/wp-content\/uploads\/2021\/03\/NIEUWS-ART-3aCarton-Box__2021_WIDEX_3-4av-200x133.jpg\" class=\"attachment-fusion-200 size-fusion-200\" alt=\"\" srcset=\"https:\/\/widemexinternational.com\/wp-content\/uploads\/2021\/03\/NIEUWS-ART-3aCarton-Box__2021_WIDEX_3-4av-200x133.jpg 200w, https:\/\/widemexinternational.com\/wp-content\/uploads\/2021\/03\/NIEUWS-ART-3aCarton-Box__2021_WIDEX_3-4av-300x200.jpg 300w, https:\/\/widemexinternational.com\/wp-content\/uploads\/2021\/03\/NIEUWS-ART-3aCarton-Box__2021_WIDEX_3-4av-400x266.jpg 400w, https:\/\/widemexinternational.com\/wp-content\/uploads\/2021\/03\/NIEUWS-ART-3aCarton-Box__2021_WIDEX_3-4av-500x333.jpg 500w, https:\/\/widemexinternational.com\/wp-content\/uploads\/2021\/03\/NIEUWS-ART-3aCarton-Box__2021_WIDEX_3-4av-600x399.jpg 600w, https:\/\/widemexinternational.com\/wp-content\/uploads\/2021\/03\/NIEUWS-ART-3aCarton-Box__2021_WIDEX_3-4av.jpg 640w\" sizes=\"(max-width: 200px) 100vw, 200px\" \/><\/a><\/li><\/ul><\/div><div class=\"recent-posts-content\"><span class=\"vcard\" style=\"display: none;\"><span class=\"fn\"><a href=\"https:\/\/widemexinternational.com\/pl\/author\/admin\/\" title=\"Wpisy od admin\" rel=\"author\">admin<\/a><\/span><\/span><span class=\"updated\" style=\"display:none;\">2021-10-31T08:52:43+01:00<\/span><h4 class=\"entry-title\"><a href=\"https:\/\/widemexinternational.com\/pl\/zrownowazona-seria-opakowan-tekturowych\/\">Zr\u00f3wnowa\u017cona seria opakowa\u0144 tekturowych<\/a><\/h4><p class=\"meta\">By <span class=\"vcard\"><span class=\"fn\"><a href=\"https:\/\/widemexinternational.com\/pl\/author\/admin\/\" title=\"Wpisy od admin\" rel=\"author\">admin<\/a><\/span><\/span><span class=\"fusion-inline-sep\">|<\/span><span class=\"updated\" style=\"display:none;\">2021-10-31T08:52:43+01:00<\/span><span>14 czerwca, 2021<\/span><span class=\"fusion-inline-sep\">|<\/span>Categories: <a href=\"https:\/\/widemexinternational.com\/pl\/category\/aktualnosci\/\" rel=\"category tag\">Aktualno\u015bci<\/a><span class=\"fusion-inline-sep\">|<\/span><\/p><p>W kontek\u015bcie zr\u00f3wnowa\u017conego rozwoju wdro\u017cyli\u015bmy w ostatnim czasie now\u0105 seri\u0119 opakowa\u0144 dla naszych produkt\u00f3w, kt\u00f3ra obejmuje wy\u0142\u0105cznie pude\u0142ka tekturowe. To zr\u00f3wnowa\u017cone rozwi\u0105zanie zapewniaj\u0105ce pi\u0119kn\u0105 ekspozycj\u0119 sklepow\u0105.<\/p><\/div><\/article><article class=\"post fusion-column column col col-lg-12 col-md-12 col-sm-12\"><div class=\"fusion-flexslider fusion-flexslider-loading flexslider floated-slideshow flexslider-hover-type-liftup\"><ul class=\"slides\"><li><a href=\"https:\/\/widemexinternational.com\/pl\/innowacyjny-napinacz-sznurka-carl\/\" aria-label=\"Innowacyjny napinacz sznurka \u2013 Carl\u00ae\" class=\"hover-type-liftup\"><img decoding=\"async\" width=\"200\" height=\"133\" src=\"https:\/\/widemexinternational.com\/wp-content\/uploads\/2020\/10\/NIEUWSART-1-rendu_Clip-CARL_seul-debout_Rotation-200x133.jpg\" class=\"attachment-fusion-200 size-fusion-200\" alt=\"\" srcset=\"https:\/\/widemexinternational.com\/wp-content\/uploads\/2020\/10\/NIEUWSART-1-rendu_Clip-CARL_seul-debout_Rotation-200x133.jpg 200w, https:\/\/widemexinternational.com\/wp-content\/uploads\/2020\/10\/NIEUWSART-1-rendu_Clip-CARL_seul-debout_Rotation-300x200.jpg 300w, https:\/\/widemexinternational.com\/wp-content\/uploads\/2020\/10\/NIEUWSART-1-rendu_Clip-CARL_seul-debout_Rotation-400x266.jpg 400w, https:\/\/widemexinternational.com\/wp-content\/uploads\/2020\/10\/NIEUWSART-1-rendu_Clip-CARL_seul-debout_Rotation-500x333.jpg 500w, https:\/\/widemexinternational.com\/wp-content\/uploads\/2020\/10\/NIEUWSART-1-rendu_Clip-CARL_seul-debout_Rotation-600x399.jpg 600w, https:\/\/widemexinternational.com\/wp-content\/uploads\/2020\/10\/NIEUWSART-1-rendu_Clip-CARL_seul-debout_Rotation.jpg 640w\" sizes=\"(max-width: 200px) 100vw, 200px\" \/><\/a><\/li><\/ul><\/div><div class=\"recent-posts-content\"><span class=\"vcard\" style=\"display: none;\"><span class=\"fn\"><a href=\"https:\/\/widemexinternational.com\/pl\/author\/admin\/\" title=\"Wpisy od admin\" rel=\"author\">admin<\/a><\/span><\/span><span class=\"updated\" style=\"display:none;\">2021-10-31T09:33:02+01:00<\/span><h4 class=\"entry-title\"><a href=\"https:\/\/widemexinternational.com\/pl\/innowacyjny-napinacz-sznurka-carl\/\">Innowacyjny napinacz sznurka \u2013 Carl\u00ae<\/a><\/h4><p class=\"meta\">By <span class=\"vcard\"><span class=\"fn\"><a href=\"https:\/\/widemexinternational.com\/pl\/author\/admin\/\" title=\"Wpisy od admin\" rel=\"author\">admin<\/a><\/span><\/span><span class=\"fusion-inline-sep\">|<\/span><span class=\"updated\" style=\"display:none;\">2021-10-31T09:33:02+01:00<\/span><span>14 czerwca, 2021<\/span><span class=\"fusion-inline-sep\">|<\/span>Categories: <a href=\"https:\/\/widemexinternational.com\/pl\/category\/aktualnosci\/\" rel=\"category tag\">Aktualno\u015bci<\/a><span class=\"fusion-inline-sep\">|<\/span><\/p><p>W 2020\u00a0roku opracowali\u015bmy nowy, innowacyjny napinacz sznurka, znany pod nazw\u0105 Carl\u00ae. Zak\u0142adanie pokrowca na desk\u0119 do prasowania cz\u0119sto wydaje si\u0119 nieprzyjemnym zadaniem. Dzi\u0119ki naszemu nowemu napinaczowi Carl\u00ae z pokr\u0119t\u0142em staje [...]<\/p><\/div><\/article><\/section><\/div><\/div><\/div><\/div><\/div><div class=\"fusion-fullwidth fullwidth-box fusion-builder-row-2 fusion-flex-container nonhundred-percent-fullwidth non-hundred-percent-height-scrolling\" style=\"--awb-border-radius-top-left:0px;--awb-border-radius-top-right:0px;--awb-border-radius-bottom-right:0px;--awb-border-radius-bottom-left:0px;--awb-flex-wrap:wrap;\" ><div class=\"fusion-builder-row fusion-row fusion-flex-align-items-flex-start fusion-flex-content-wrap\" style=\"max-width:1216.8px;margin-left: calc(-4% \/ 2 );margin-right: calc(-4% \/ 2 );\"><div class=\"fusion-layout-column fusion_builder_column fusion-builder-column-2 fusion_builder_column_1_1 1_1 fusion-flex-column\" style=\"--awb-bg-size:cover;--awb-width-large:100%;--awb-margin-top-large:0px;--awb-spacing-right-large:1.92%;--awb-margin-bottom-large:20px;--awb-spacing-left-large:1.92%;--awb-width-medium:100%;--awb-order-medium:0;--awb-spacing-right-medium:1.92%;--awb-spacing-left-medium:1.92%;--awb-width-small:100%;--awb-order-small:0;--awb-spacing-right-small:1.92%;--awb-spacing-left-small:1.92%;\"><div class=\"fusion-column-wrapper fusion-column-has-shadow fusion-flex-justify-content-flex-start fusion-content-layout-column\"><div class=\"fusion-separator fusion-full-width-sep\" style=\"align-self: center;margin-left: auto;margin-right: auto;margin-top:35px;margin-bottom:35px;width:100%;\"><\/div><\/div><\/div><\/div><\/div><\/p>\n","protected":false},"excerpt":{"rendered":"","protected":false},"author":1,"featured_media":0,"parent":0,"menu_order":0,"comment_status":"closed","ping_status":"closed","template":"100-width.php","meta":{"footnotes":""},"class_list":["post-9396","page","type-page","status-publish","hentry"],"_links":{"self":[{"href":"https:\/\/widemexinternational.com\/pl\/wp-json\/wp\/v2\/pages\/9396","targetHints":{"allow":["GET"]}}],"collection":[{"href":"https:\/\/widemexinternational.com\/pl\/wp-json\/wp\/v2\/pages"}],"about":[{"href":"https:\/\/widemexinternational.com\/pl\/wp-json\/wp\/v2\/types\/page"}],"author":[{"embeddable":true,"href":"https:\/\/widemexinternational.com\/pl\/wp-json\/wp\/v2\/users\/1"}],"replies":[{"embeddable":true,"href":"https:\/\/widemexinternational.com\/pl\/wp-json\/wp\/v2\/comments?post=9396"}],"version-history":[{"count":6,"href":"https:\/\/widemexinternational.com\/pl\/wp-json\/wp\/v2\/pages\/9396\/revisions"}],"predecessor-version":[{"id":10132,"href":"https:\/\/widemexinternational.com\/pl\/wp-json\/wp\/v2\/pages\/9396\/revisions\/10132"}],"wp:attachment":[{"href":"https:\/\/widemexinternational.com\/pl\/wp-json\/wp\/v2\/media?parent=9396"}],"curies":[{"name":"wp","href":"https:\/\/api.w.org\/{rel}","templated":true}]}}