{"id":9428,"date":"2021-03-26T04:00:27","date_gmt":"2021-03-26T03:00:27","guid":{"rendered":"https:\/\/widemexinternational.com\/product\/deska-do-prasowania-lou\/"},"modified":"2021-03-26T04:00:27","modified_gmt":"2021-03-26T03:00:27","slug":"deska-do-prasowania-lou","status":"publish","type":"product","link":"https:\/\/widemexinternational.com\/pl\/product\/deska-do-prasowania-lou\/","title":{"rendered":"Deska do prasowania  LOU"},"content":{"rendered":"","protected":false},"excerpt":{"rendered":"<p>&nbsp;<br \/>&nbsp;<br \/>&nbsp;<\/p>\n<p>S\u0105 Pa\u0144stwo zainteresowani? Aby uzyska\u0107 wi\u0119cej informacji, prosimy o kontakt telefoniczny pod numerem <a href=\"tel:+31 (0) 492 509 811\">+31 (0) 492 509 811<\/a>, Niezobowi\u0105zuj\u0105c\u0105 ofert\u0119 mo\u017cna r\u00f3wnie\u017c uzyska\u0107, klikaj\u0105c poni\u017cszy przycisk.\n<\/p>\n[fusion_button link=\"https:\/\/widemexinternational.com\/pl\/Kontakt\/\" text_transform=\"\" title=\"\" target=\"_self\" link_attributes=\"\" alignment_medium=\"\" alignment_small=\"\" alignment=\"\" modal=\"\" hide_on_mobile=\"small-visibility,medium-visibility,large-visibility\" sticky_display=\"normal,sticky\" class=\"\" id=\"\" color=\"custom\" button_gradient_top_color=\"\" button_gradient_bottom_color=\"\" button_gradient_top_color_hover=\"\" button_gradient_bottom_color_hover=\"\" accent_color=\"\" accent_hover_color=\"\" type=\"\" bevel_color=\"\" border_width=\"\" border_radius=\"\" border_color=\"\" border_hover_color=\"\" size=\"\" stretch=\"default\" margin_top=\"\" margin_right=\"\" margin_bottom=\"\" margin_left=\"\" icon=\"\" icon_position=\"left\" icon_divider=\"no\" animation_type=\"\" animation_direction=\"left\" animation_speed=\"0.3\" animation_offset=\"\"]S\u0104 PA\u0143STWO ZAINTERESOWANI TYM PRODUKTEM?<br \/>\n [\/fusion_button]\n<p>&nbsp;<br \/>&nbsp;<br \/>&nbsp;<\/p>\n","protected":false},"featured_media":7819,"comment_status":"closed","ping_status":"closed","template":"","meta":[],"product_brand":[],"product_cat":[211],"product_tag":[308],"class_list":{"0":"post-9428","1":"product","2":"type-product","3":"status-publish","4":"has-post-thumbnail","6":"product_cat-deski-do-prasowania-pl","7":"product_tag-deski-do-prasowania","9":"first","10":"instock","11":"featured","12":"shipping-taxable","13":"product-type-simple"},"_links":{"self":[{"href":"https:\/\/widemexinternational.com\/pl\/wp-json\/wp\/v2\/product\/9428","targetHints":{"allow":["GET"]}}],"collection":[{"href":"https:\/\/widemexinternational.com\/pl\/wp-json\/wp\/v2\/product"}],"about":[{"href":"https:\/\/widemexinternational.com\/pl\/wp-json\/wp\/v2\/types\/product"}],"replies":[{"embeddable":true,"href":"https:\/\/widemexinternational.com\/pl\/wp-json\/wp\/v2\/comments?post=9428"}],"wp:featuredmedia":[{"embeddable":true,"href":"https:\/\/widemexinternational.com\/pl\/wp-json\/wp\/v2\/media\/7819"}],"wp:attachment":[{"href":"https:\/\/widemexinternational.com\/pl\/wp-json\/wp\/v2\/media?parent=9428"}],"wp:term":[{"taxonomy":"product_brand","embeddable":true,"href":"https:\/\/widemexinternational.com\/pl\/wp-json\/wp\/v2\/product_brand?post=9428"},{"taxonomy":"product_cat","embeddable":true,"href":"https:\/\/widemexinternational.com\/pl\/wp-json\/wp\/v2\/product_cat?post=9428"},{"taxonomy":"product_tag","embeddable":true,"href":"https:\/\/widemexinternational.com\/pl\/wp-json\/wp\/v2\/product_tag?post=9428"}],"curies":[{"name":"wp","href":"https:\/\/api.w.org\/{rel}","templated":true}]}}